{"id":388,"date":"2025-08-16T00:52:00","date_gmt":"2025-08-16T00:52:00","guid":{"rendered":"https:\/\/medex.uno\/?page_id=388"},"modified":"2025-10-14T22:11:36","modified_gmt":"2025-10-14T22:11:36","slug":"roadmap","status":"publish","type":"page","link":"https:\/\/medex.uno\/de\/roadmap\/","title":{"rendered":"Roadmap"},"content":{"rendered":"<div class=\"wp-block-uagb-container uagb-block-8b2b5400 alignfull uagb-is-root-container\"><div class=\"uagb-container-inner-blocks-wrap\">\n<div class=\"wp-block-uagb-advanced-heading uagb-block-85612ab8\"><h3 class=\"uagb-heading-text\">MEDEX-Roadmap<\/h3><\/div>\n\n\n\n<div class=\"wp-block-uagb-content-timeline uagb-timeline__outer-wrap uagb-block-e00dbc3b uagb-timeline__content-wrap uagb-timeline__center-block  uagb-timeline__arrow-center uagb-timeline\">\n<article class=\"wp-block-uagb-content-timeline-child uagb-timeline__field uagb-timeline-child-0f944b18 uagb-timeline__right\"><div class=\"uagb-timeline__marker out-view-uagb-timeline__icon\"><svg xmlns=\"https:\/\/www.w3.org\/2000\/svg\" viewbox=\"0 0 448 512\"><path d=\"M160 32V64H288V32C288 14.33 302.3 0 320 0C337.7 0 352 14.33 352 32V64H400C426.5 64 448 85.49 448 112V160H0V112C0 85.49 21.49 64 48 64H96V32C96 14.33 110.3 0 128 0C145.7 0 160 14.33 160 32zM0 192H448V464C448 490.5 426.5 512 400 512H48C21.49 512 0 490.5 0 464V192zM64 304C64 312.8 71.16 320 80 320H112C120.8 320 128 312.8 128 304V272C128 263.2 120.8 256 112 256H80C71.16 256 64 263.2 64 272V304zM192 304C192 312.8 199.2 320 208 320H240C248.8 320 256 312.8 256 304V272C256 263.2 248.8 256 240 256H208C199.2 256 192 263.2 192 272V304zM336 256C327.2 256 320 263.2 320 272V304C320 312.8 327.2 320 336 320H368C376.8 320 384 312.8 384 304V272C384 263.2 376.8 256 368 256H336zM64 432C64 440.8 71.16 448 80 448H112C120.8 448 128 440.8 128 432V400C128 391.2 120.8 384 112 384H80C71.16 384 64 391.2 64 400V432zM208 384C199.2 384 192 391.2 192 400V432C192 440.8 199.2 448 208 448H240C248.8 448 256 440.8 256 432V400C256 391.2 248.8 384 240 384H208zM320 432C320 440.8 327.2 448 336 448H368C376.8 448 384 440.8 384 432V400C384 391.2 376.8 384 368 384H336C327.2 384 320 391.2 320 400V432z\"><\/path><\/svg><\/div><div class=\"uagb-timeline__day-new uagb-timeline__day-right uagb-timeline__events-inner-new\"><div class=\"uagb-timeline__events-inner--content\"><h4 class=\"uagb-timeline__heading\"><strong>Phase 1. Plattformstart \u2014 2025\u20132026.<\/strong><\/h4><p class=\"uagb-timeline-desc-content\">Erstellung der MEDEX-Website und Start zentraler Funktionen: ein Nachrichtenportal zu Medizin und Wissenschaft, Bildungsmaterialien sowie grundlegende Spielmechaniken zur Nutzerbindung. In dieser Phase wird das Fundament des \u00d6kosystems gelegt, die Community aufgebaut und die wichtigsten Prozesse erprobt und eingespielt. Abschlusskriterien: Live-Website im Produktivbetrieb, Content-Kern, MVP des pers\u00f6nlichen Bereichs, grundlegende Gamification, grundlegende Anti-Fraud-Verfahren.<\/p><div class=\"uagb-timeline__arrow\"><\/div><\/div><\/div><div class=\"uagb-timeline__date-new\"><\/div><\/article>\n\n\n\n<article class=\"wp-block-uagb-content-timeline-child uagb-timeline__field uagb-timeline-child-96e0d466 uagb-timeline__left\"><div class=\"uagb-timeline__marker out-view-uagb-timeline__icon\"><svg xmlns=\"https:\/\/www.w3.org\/2000\/svg\" viewbox=\"0 0 448 512\"><path d=\"M160 32V64H288V32C288 14.33 302.3 0 320 0C337.7 0 352 14.33 352 32V64H400C426.5 64 448 85.49 448 112V160H0V112C0 85.49 21.49 64 48 64H96V32C96 14.33 110.3 0 128 0C145.7 0 160 14.33 160 32zM0 192H448V464C448 490.5 426.5 512 400 512H48C21.49 512 0 490.5 0 464V192zM64 304C64 312.8 71.16 320 80 320H112C120.8 320 128 312.8 128 304V272C128 263.2 120.8 256 112 256H80C71.16 256 64 263.2 64 272V304zM192 304C192 312.8 199.2 320 208 320H240C248.8 320 256 312.8 256 304V272C256 263.2 248.8 256 240 256H208C199.2 256 192 263.2 192 272V304zM336 256C327.2 256 320 263.2 320 272V304C320 312.8 327.2 320 336 320H368C376.8 320 384 312.8 384 304V272C384 263.2 376.8 256 368 256H336zM64 432C64 440.8 71.16 448 80 448H112C120.8 448 128 440.8 128 432V400C128 391.2 120.8 384 112 384H80C71.16 384 64 391.2 64 400V432zM208 384C199.2 384 192 391.2 192 400V432C192 440.8 199.2 448 208 448H240C248.8 448 256 440.8 256 432V400C256 391.2 248.8 384 240 384H208zM320 432C320 440.8 327.2 448 336 448H368C376.8 448 384 440.8 384 432V400C384 391.2 376.8 384 368 384H336C327.2 384 320 391.2 320 400V432z\"><\/path><\/svg><\/div><div class=\"uagb-timeline__day-new uagb-timeline__day-left uagb-timeline__events-inner-new\"><div class=\"uagb-timeline__events-inner--content\"><h4 class=\"uagb-timeline__heading\"><strong>Phase 2. Entwicklung des Bildungsbereichs und Web3 ~ Q4 2027.<\/strong><\/h4><p class=\"uagb-timeline-desc-content\">Erweiterung der Plattform durch neue Lernformate: Tests, Simulationen, Wissenskarten und Spielmechaniken. Einf\u00fchrung eines aktivit\u00e4tsbasierten Punktesystems und eines Belohnungsprogramms, das Lernen, Community-Teilnahme und weitere Aktivit\u00e4ten umfasst. Parallel ist die Integration von Web3-Funktionalit\u00e4t \u00fcber eine Telegram-WebApp geplant, was die Nutzung der Plattform komfortabler macht und die Grundlage f\u00fcr die k\u00fcnftige Token\u00f6konomie legt. Diese Phase bildet die Basis der Nutzermotivation und festigt den Wert des Bildungszweigs. Abschlusskriterien: Regeln zur Punktevergabe sind ver\u00f6ffentlicht, die Telegram-WebApp ist integriert, Engagement-Metriken sind stetig positiv.<\/p><div class=\"uagb-timeline__arrow\"><\/div><\/div><\/div><div class=\"uagb-timeline__date-new\"><\/div><\/article>\n\n\n\n<article class=\"wp-block-uagb-content-timeline-child uagb-timeline__field uagb-timeline-child-8a0b87b2 uagb-timeline__right\"><div class=\"uagb-timeline__marker out-view-uagb-timeline__icon\"><svg xmlns=\"https:\/\/www.w3.org\/2000\/svg\" viewbox=\"0 0 448 512\"><path d=\"M160 32V64H288V32C288 14.33 302.3 0 320 0C337.7 0 352 14.33 352 32V64H400C426.5 64 448 85.49 448 112V160H0V112C0 85.49 21.49 64 48 64H96V32C96 14.33 110.3 0 128 0C145.7 0 160 14.33 160 32zM0 192H448V464C448 490.5 426.5 512 400 512H48C21.49 512 0 490.5 0 464V192zM64 304C64 312.8 71.16 320 80 320H112C120.8 320 128 312.8 128 304V272C128 263.2 120.8 256 112 256H80C71.16 256 64 263.2 64 272V304zM192 304C192 312.8 199.2 320 208 320H240C248.8 320 256 312.8 256 304V272C256 263.2 248.8 256 240 256H208C199.2 256 192 263.2 192 272V304zM336 256C327.2 256 320 263.2 320 272V304C320 312.8 327.2 320 336 320H368C376.8 320 384 312.8 384 304V272C384 263.2 376.8 256 368 256H336zM64 432C64 440.8 71.16 448 80 448H112C120.8 448 128 440.8 128 432V400C128 391.2 120.8 384 112 384H80C71.16 384 64 391.2 64 400V432zM208 384C199.2 384 192 391.2 192 400V432C192 440.8 199.2 448 208 448H240C248.8 448 256 440.8 256 432V400C256 391.2 248.8 384 240 384H208zM320 432C320 440.8 327.2 448 336 448H368C376.8 448 384 440.8 384 432V400C384 391.2 376.8 384 368 384H336C327.2 384 320 391.2 320 400V432z\"><\/path><\/svg><\/div><div class=\"uagb-timeline__day-new uagb-timeline__day-right uagb-timeline__events-inner-new\"><div class=\"uagb-timeline__events-inner--content\"><h4 class=\"uagb-timeline__heading\"><strong>Phase 3. Marktplatz und interne \u00d6konomie ~ Q4 2028.<\/strong><\/h4><p class=\"uagb-timeline-desc-content\">Start des Marktplatzes, auf dem Nutzer Waren, Dienstleistungen und Beratungen erwerben k\u00f6nnen. Einf\u00fchrung eines punktbasierten Cashback-Systems, Ausbau des Partnernetzwerks und Integration praktischer L\u00f6sungen in das \u00d6kosystem. Diese Phase verbindet Bildung mit realen Handlungen und bildet eine nachhaltige MEDEX-\u00d6konomie. Pr\u00e4zisierung: Das \u201eCashback\u201c wird \u00fcber Off-Chain-Punkte umgesetzt, nicht durch Geldauszahlungen. Abschlusskriterien: Marktplatz-MVP, erste Storefronts, funktionierendes Punktesystem bei den Partnern.<\/p><div class=\"uagb-timeline__arrow\"><\/div><\/div><\/div><div class=\"uagb-timeline__date-new\"><\/div><\/article>\n\n\n\n<article class=\"wp-block-uagb-content-timeline-child uagb-timeline__field uagb-timeline-child-85fdbcb6 uagb-timeline__left\"><div class=\"uagb-timeline__marker out-view-uagb-timeline__icon\"><svg xmlns=\"https:\/\/www.w3.org\/2000\/svg\" viewbox=\"0 0 448 512\"><path d=\"M160 32V64H288V32C288 14.33 302.3 0 320 0C337.7 0 352 14.33 352 32V64H400C426.5 64 448 85.49 448 112V160H0V112C0 85.49 21.49 64 48 64H96V32C96 14.33 110.3 0 128 0C145.7 0 160 14.33 160 32zM0 192H448V464C448 490.5 426.5 512 400 512H48C21.49 512 0 490.5 0 464V192zM64 304C64 312.8 71.16 320 80 320H112C120.8 320 128 312.8 128 304V272C128 263.2 120.8 256 112 256H80C71.16 256 64 263.2 64 272V304zM192 304C192 312.8 199.2 320 208 320H240C248.8 320 256 312.8 256 304V272C256 263.2 248.8 256 240 256H208C199.2 256 192 263.2 192 272V304zM336 256C327.2 256 320 263.2 320 272V304C320 312.8 327.2 320 336 320H368C376.8 320 384 312.8 384 304V272C384 263.2 376.8 256 368 256H336zM64 432C64 440.8 71.16 448 80 448H112C120.8 448 128 440.8 128 432V400C128 391.2 120.8 384 112 384H80C71.16 384 64 391.2 64 400V432zM208 384C199.2 384 192 391.2 192 400V432C192 440.8 199.2 448 208 448H240C248.8 448 256 440.8 256 432V400C256 391.2 248.8 384 240 384H208zM320 432C320 440.8 327.2 448 336 448H368C376.8 448 384 440.8 384 432V400C384 391.2 376.8 384 368 384H336C327.2 384 320 391.2 320 400V432z\"><\/path><\/svg><\/div><div class=\"uagb-timeline__day-new uagb-timeline__day-left uagb-timeline__events-inner-new\"><div class=\"uagb-timeline__events-inner--content\"><h4 class=\"uagb-timeline__heading\"><strong>Phase 4. Erweiterung des \u00d6kosystems und neue M\u00f6glichkeiten ~ Q4 2029.<\/strong><\/h4><p class=\"uagb-timeline-desc-content\">Entwicklung zus\u00e4tzlicher Services und Technologien in den Bereichen Gesundheit, Bildung und Nutzeraktivit\u00e4t. M\u00f6gliche Richtungen umfassen Werkzeuge zur Nachverfolgung und Verbesserung der Lebensqualit\u00e4t sowie neue Funktionen f\u00fcr Community-Mitglieder und Partner. Ziel dieser Phase ist es, MEDEX in eine universelle Plattform zu verwandeln, die Lernen, praktische L\u00f6sungen und technologische Services vereint. Abschlusskriterien: Start von 1\u20132 neuen Services, Ausbau der Partner-Integrationen, Wachstum der aktiven Nutzerbasis.<\/p><div class=\"uagb-timeline__arrow\"><\/div><\/div><\/div><div class=\"uagb-timeline__date-new\"><\/div><\/article>\n\n\n\n<article class=\"wp-block-uagb-content-timeline-child uagb-timeline__field uagb-timeline-child-29b1d9ba uagb-timeline__right\"><div class=\"uagb-timeline__marker out-view-uagb-timeline__icon\"><svg xmlns=\"https:\/\/www.w3.org\/2000\/svg\" viewbox=\"0 0 448 512\"><path d=\"M160 32V64H288V32C288 14.33 302.3 0 320 0C337.7 0 352 14.33 352 32V64H400C426.5 64 448 85.49 448 112V160H0V112C0 85.49 21.49 64 48 64H96V32C96 14.33 110.3 0 128 0C145.7 0 160 14.33 160 32zM0 192H448V464C448 490.5 426.5 512 400 512H48C21.49 512 0 490.5 0 464V192zM64 304C64 312.8 71.16 320 80 320H112C120.8 320 128 312.8 128 304V272C128 263.2 120.8 256 112 256H80C71.16 256 64 263.2 64 272V304zM192 304C192 312.8 199.2 320 208 320H240C248.8 320 256 312.8 256 304V272C256 263.2 248.8 256 240 256H208C199.2 256 192 263.2 192 272V304zM336 256C327.2 256 320 263.2 320 272V304C320 312.8 327.2 320 336 320H368C376.8 320 384 312.8 384 304V272C384 263.2 376.8 256 368 256H336zM64 432C64 440.8 71.16 448 80 448H112C120.8 448 128 440.8 128 432V400C128 391.2 120.8 384 112 384H80C71.16 384 64 391.2 64 400V432zM208 384C199.2 384 192 391.2 192 400V432C192 440.8 199.2 448 208 448H240C248.8 448 256 440.8 256 432V400C256 391.2 248.8 384 240 384H208zM320 432C320 440.8 327.2 448 336 448H368C376.8 448 384 440.8 384 432V400C384 391.2 376.8 384 368 384H336C327.2 384 320 391.2 320 400V432z\"><\/path><\/svg><\/div><div class=\"uagb-timeline__day-new uagb-timeline__day-right uagb-timeline__events-inner-new\"><div class=\"uagb-timeline__events-inner--content\"><h4 class=\"uagb-timeline__heading\"><strong>Etappe 5. Mobile App und technologische Integration ~ Q3 2030.<\/strong><\/h4><p class=\"uagb-timeline-desc-content\">Entwicklung und Start einer mobilen App, die Bonusprogramm, Wallet und Marktplatz vereint, bei Beibehaltung von News und Lernen auf der Website. Zus\u00e4tzliche technologische Integrationen und Services werden je nach Bereitschaft und Strategiepassung eingef\u00fchrt. Fokus auf ein einheitliches Nutzererlebnis und die Erweiterung der MEDEX-Anwendungsszenarien. Abschlusskriterien: iOS\/Android-Release, Single Sign-On, Synchronisierung von Profil\/Punkten\/Wallet.<\/p><div class=\"uagb-timeline__arrow\"><\/div><\/div><\/div><div class=\"uagb-timeline__date-new\"><\/div><\/article>\n<div class=\"uagb-timeline__line\"><div class=\"uagb-timeline__line__inner\"><\/div><\/div><\/div>\n<\/div><\/div>\n\n\n\n<p><\/p>\n\n\n\n<p>Entwurf v1. Fristen sind als Richtwerte angegeben und k\u00f6nnen \u00fcberarbeitet werden: Termine, Aufgabenliste und deren Priorisierung k\u00f6nnen sich \u00e4ndern. Dieses Dokument dient der Information und begr\u00fcndet keine Verpflichtungen; der tats\u00e4chliche Zeitplan h\u00e4ngt von Audit\/Compliance, der Bereitschaft der Partner und den verf\u00fcgbaren Ressourcen ab. Die Seite wird aktualisiert. 15.10.2025.<\/p>","protected":false},"excerpt":{"rendered":"<p>\u0414\u043e\u0440\u043e\u0436\u043d\u0430\u044f \u043a\u0430\u0440\u0442\u0430 MEDEX \u0427\u0435\u0440\u043d\u043e\u0432\u0438\u043a v1. \u0421\u0440\u043e\u043a\u0438 \u0443\u043a\u0430\u0437\u0430\u043d\u044b \u043a\u0430\u043a \u043e\u0440\u0438\u0435\u043d\u0442\u0438\u0440\u044b \u0438 \u043c\u043e\u0433\u0443\u0442 \u043f\u0435\u0440\u0435\u0441\u043c\u0430\u0442\u0440\u0438\u0432\u0430\u0442\u044c\u0441\u044f: \u0438\u0437\u043c\u0435\u043d\u044f\u0442\u044c\u0441\u044f \u043c\u043e\u0433\u0443\u0442 \u0434\u0430\u0442\u044b, \u043f\u0435\u0440\u0435\u0447\u0435\u043d\u044c \u0437\u0430\u0434\u0430\u0447 \u0438 \u0438\u0445 \u043f\u0440\u0438\u043e\u0440\u0438\u0442\u0438\u0437\u0430\u0446\u0438\u044f. \u0414\u043e\u043a\u0443\u043c\u0435\u043d\u0442 \u043d\u043e\u0441\u0438\u0442 \u0438\u043d\u0444\u043e\u0440\u043c\u0430\u0446\u0438\u043e\u043d\u043d\u044b\u0439 \u0445\u0430\u0440\u0430\u043a\u0442\u0435\u0440 \u0438 \u043d\u0435 \u043e\u0431\u0440\u0430\u0437\u0443\u0435\u0442 \u043e\u0431\u044f\u0437\u0430\u0442\u0435\u043b\u044c\u0441\u0442\u0432; \u0444\u0430\u043a\u0442\u0438\u0447\u0435\u0441\u043a\u0438\u0439 \u0433\u0440\u0430\u0444\u0438\u043a \u0437\u0430\u0432\u0438\u0441\u0438\u0442 \u043e\u0442 \u0430\u0443\u0434\u0438\u0442\u0430\/\u043a\u043e\u043c\u043f\u043b\u0430\u0435\u043d\u0441\u0430, \u0433\u043e\u0442\u043e\u0432\u043d\u043e\u0441\u0442\u0438 \u043f\u0430\u0440\u0442\u043d\u0451\u0440\u043e\u0432 \u0438 \u0434\u043e\u0441\u0442\u0443\u043f\u043d\u044b\u0445 \u0440\u0435\u0441\u0443\u0440\u0441\u043e\u0432. \u0421\u0442\u0440\u0430\u043d\u0438\u0446\u0430 \u0431\u0443\u0434\u0435\u0442 \u043e\u0431\u043d\u043e\u0432\u043b\u044f\u0442\u044c\u0441\u044f. 15.10.2025.<\/p>","protected":false},"author":1,"featured_media":0,"parent":0,"menu_order":0,"comment_status":"closed","ping_status":"closed","template":"","meta":{"_uag_custom_page_level_css":"","site-sidebar-layout":"default","site-content-layout":"","ast-site-content-layout":"default","site-content-style":"default","site-sidebar-style":"default","ast-global-header-display":"","ast-banner-title-visibility":"","ast-main-header-display":"","ast-hfb-above-header-display":"","ast-hfb-below-header-display":"","ast-hfb-mobile-header-display":"","site-post-title":"disabled","ast-breadcrumbs-content":"","ast-featured-img":"","footer-sml-layout":"","ast-disable-related-posts":"","theme-transparent-header-meta":"","adv-header-id-meta":"","stick-header-meta":"","header-above-stick-meta":"","header-main-stick-meta":"","header-below-stick-meta":"","astra-migrate-meta-layouts":"default","ast-page-background-enabled":"default","ast-page-background-meta":{"desktop":{"background-color":"var(--ast-global-color-5)","background-image":"","background-repeat":"repeat","background-position":"center center","background-size":"auto","background-attachment":"scroll","background-type":"","background-media":"","overlay-type":"","overlay-color":"","overlay-opacity":"","overlay-gradient":""},"tablet":{"background-color":"","background-image":"","background-repeat":"repeat","background-position":"center center","background-size":"auto","background-attachment":"scroll","background-type":"","background-media":"","overlay-type":"","overlay-color":"","overlay-opacity":"","overlay-gradient":""},"mobile":{"background-color":"","background-image":"","background-repeat":"repeat","background-position":"center center","background-size":"auto","background-attachment":"scroll","background-type":"","background-media":"","overlay-type":"","overlay-color":"","overlay-opacity":"","overlay-gradient":""}},"ast-content-background-meta":{"desktop":{"background-color":"var(--ast-global-color-4)","background-image":"","background-repeat":"repeat","background-position":"center center","background-size":"auto","background-attachment":"scroll","background-type":"","background-media":"","overlay-type":"","overlay-color":"","overlay-opacity":"","overlay-gradient":""},"tablet":{"background-color":"var(--ast-global-color-4)","background-image":"","background-repeat":"repeat","background-position":"center center","background-size":"auto","background-attachment":"scroll","background-type":"","background-media":"","overlay-type":"","overlay-color":"","overlay-opacity":"","overlay-gradient":""},"mobile":{"background-color":"var(--ast-global-color-4)","background-image":"","background-repeat":"repeat","background-position":"center center","background-size":"auto","background-attachment":"scroll","background-type":"","background-media":"","overlay-type":"","overlay-color":"","overlay-opacity":"","overlay-gradient":""}},"footnotes":""},"class_list":["post-388","page","type-page","status-publish","hentry"],"uagb_featured_image_src":{"full":false,"thumbnail":false,"medium":false,"medium_large":false,"large":false,"1536x1536":false,"2048x2048":false,"trp-custom-language-flag":false},"uagb_author_info":{"display_name":"medex.","author_link":"https:\/\/medex.uno\/de\/author\/medex-uno\/"},"uagb_comment_info":0,"uagb_excerpt":"\u0414\u043e\u0440\u043e\u0436\u043d\u0430\u044f \u043a\u0430\u0440\u0442\u0430 MEDEX \u0427\u0435\u0440\u043d\u043e\u0432\u0438\u043a v1. \u0421\u0440\u043e\u043a\u0438 \u0443\u043a\u0430\u0437\u0430\u043d\u044b \u043a\u0430\u043a \u043e\u0440\u0438\u0435\u043d\u0442\u0438\u0440\u044b \u0438 \u043c\u043e\u0433\u0443\u0442 \u043f\u0435\u0440\u0435\u0441\u043c\u0430\u0442\u0440\u0438\u0432\u0430\u0442\u044c\u0441\u044f: \u0438\u0437\u043c\u0435\u043d\u044f\u0442\u044c\u0441\u044f \u043c\u043e\u0433\u0443\u0442 \u0434\u0430\u0442\u044b, \u043f\u0435\u0440\u0435\u0447\u0435\u043d\u044c \u0437\u0430\u0434\u0430\u0447 \u0438 \u0438\u0445 \u043f\u0440\u0438\u043e\u0440\u0438\u0442\u0438\u0437\u0430\u0446\u0438\u044f. \u0414\u043e\u043a\u0443\u043c\u0435\u043d\u0442 \u043d\u043e\u0441\u0438\u0442 \u0438\u043d\u0444\u043e\u0440\u043c\u0430\u0446\u0438\u043e\u043d\u043d\u044b\u0439 \u0445\u0430\u0440\u0430\u043a\u0442\u0435\u0440 \u0438 \u043d\u0435 \u043e\u0431\u0440\u0430\u0437\u0443\u0435\u0442 \u043e\u0431\u044f\u0437\u0430\u0442\u0435\u043b\u044c\u0441\u0442\u0432; \u0444\u0430\u043a\u0442\u0438\u0447\u0435\u0441\u043a\u0438\u0439 \u0433\u0440\u0430\u0444\u0438\u043a \u0437\u0430\u0432\u0438\u0441\u0438\u0442 \u043e\u0442 \u0430\u0443\u0434\u0438\u0442\u0430\/\u043a\u043e\u043c\u043f\u043b\u0430\u0435\u043d\u0441\u0430, \u0433\u043e\u0442\u043e\u0432\u043d\u043e\u0441\u0442\u0438 \u043f\u0430\u0440\u0442\u043d\u0451\u0440\u043e\u0432 \u0438 \u0434\u043e\u0441\u0442\u0443\u043f\u043d\u044b\u0445 \u0440\u0435\u0441\u0443\u0440\u0441\u043e\u0432. \u0421\u0442\u0440\u0430\u043d\u0438\u0446\u0430 \u0431\u0443\u0434\u0435\u0442 \u043e\u0431\u043d\u043e\u0432\u043b\u044f\u0442\u044c\u0441\u044f. 15.10.2025.","_links":{"self":[{"href":"https:\/\/medex.uno\/de\/wp-json\/wp\/v2\/pages\/388","targetHints":{"allow":["GET"]}}],"collection":[{"href":"https:\/\/medex.uno\/de\/wp-json\/wp\/v2\/pages"}],"about":[{"href":"https:\/\/medex.uno\/de\/wp-json\/wp\/v2\/types\/page"}],"author":[{"embeddable":true,"href":"https:\/\/medex.uno\/de\/wp-json\/wp\/v2\/users\/1"}],"replies":[{"embeddable":true,"href":"https:\/\/medex.uno\/de\/wp-json\/wp\/v2\/comments?post=388"}],"version-history":[{"count":7,"href":"https:\/\/medex.uno\/de\/wp-json\/wp\/v2\/pages\/388\/revisions"}],"predecessor-version":[{"id":754,"href":"https:\/\/medex.uno\/de\/wp-json\/wp\/v2\/pages\/388\/revisions\/754"}],"wp:attachment":[{"href":"https:\/\/medex.uno\/de\/wp-json\/wp\/v2\/media?parent=388"}],"curies":[{"name":"wp","href":"https:\/\/api.w.org\/{rel}","templated":true}]}}