{"id":390,"date":"2025-08-16T00:58:41","date_gmt":"2025-08-16T00:58:41","guid":{"rendered":"https:\/\/medex.uno\/?page_id=390"},"modified":"2025-09-06T22:52:17","modified_gmt":"2025-09-06T22:52:17","slug":"mission","status":"publish","type":"page","link":"https:\/\/medex.uno\/de\/mission\/","title":{"rendered":"Mission"},"content":{"rendered":"<div class=\"wp-block-uagb-container uagb-block-3ac6da23 alignfull uagb-is-root-container\"><div class=\"uagb-container-inner-blocks-wrap\">\n<div class=\"wp-block-uagb-advanced-heading uagb-block-4e5783a6\"><h3 class=\"uagb-heading-text\">MEDEX-Mission<\/h3><\/div>\n\n\n\n<p><strong>MEDEX<\/strong> wurde entwickelt, um allen Zugang zu aktuellem Wissen \u00fcber Gesundheit, Medizin und Langlebigkeit zu erm\u00f6glichen.\nWir setzen uns daf\u00fcr ein, Gesundheitskompetenz verst\u00e4ndlich, zug\u00e4nglich und im Alltag anwendbar zu machen.<\/p>\n\n\n\n<p>Unser Ziel ist es, Wissenschaft, Technologie und Bildung zu vereinen, um jedem Nutzer praktische Werkzeuge f\u00fcr die Selbstf\u00fcrsorge zu geben.\nDurch Schulungen, Spiele, Simulationen und ein Belohnungssystem <strong>MEDEX<\/strong> motiviert Menschen, sich weiterzuentwickeln, Gewohnheiten zu \u00e4ndern und Schritt f\u00fcr Schritt ihre Lebensqualit\u00e4t zu verbessern.<\/p>\n\n\n\n<p>Wir glauben, dass Gesundheit die wichtigste Ressource der Zukunft ist. Deshalb schaffen wir einen Raum, in dem Wissen \u00fcber Medizin und Biotechnologie nicht nur trockene Theorie ist, sondern ein Leitfaden f\u00fcr ein aktives und langes Leben.<\/p>\n\n\n\n<p>Die Philosophie von MEDEX spiegelt sich in unserem Motto wider: <strong>Unlock New Opportunities<\/strong> - \"<strong>Neue M\u00f6glichkeiten entdecken<\/strong>\". Das sind Chancen f\u00fcr Gesundheit, Selbstentdeckung und die Mitgestaltung der Medizin von morgen.<\/p>\n<\/div><\/div>\n\n\n\n<p><\/p>","protected":false},"excerpt":{"rendered":"<p>\u041c\u0438\u0441\u0441\u0438\u044f MEDEX MEDEX \u0441\u043e\u0437\u0434\u0430\u043d \u0434\u043b\u044f \u0442\u043e\u0433\u043e, \u0447\u0442\u043e\u0431\u044b \u043a\u0430\u0436\u0434\u044b\u0439 \u0447\u0435\u043b\u043e\u0432\u0435\u043a \u043f\u043e\u043b\u0443\u0447\u0438\u043b \u0434\u043e\u0441\u0442\u0443\u043f \u043a \u0441\u043e\u0432\u0440\u0435\u043c\u0435\u043d\u043d\u044b\u043c \u0437\u043d\u0430\u043d\u0438\u044f\u043c \u043e \u0437\u0434\u043e\u0440\u043e\u0432\u044c\u0435, \u043c\u0435\u0434\u0438\u0446\u0438\u043d\u0435 \u0438 \u0434\u043e\u043b\u0433\u043e\u043b\u0435\u0442\u0438\u0438. \u041c\u044b \u0441\u0442\u0440\u0435\u043c\u0438\u043c\u0441\u044f \u0441\u0434\u0435\u043b\u0430\u0442\u044c \u043c\u0435\u0434\u0438\u0446\u0438\u043d\u0441\u043a\u0443\u044e \u0433\u0440\u0430\u043c\u043e\u0442\u043d\u043e\u0441\u0442\u044c \u0434\u043e\u0441\u0442\u0443\u043f\u043d\u043e\u0439, \u043f\u043e\u043d\u044f\u0442\u043d\u043e\u0439 \u0438 \u043f\u0440\u0438\u043c\u0435\u043d\u0438\u043c\u043e\u0439 \u0432 \u043f\u043e\u0432\u0441\u0435\u0434\u043d\u0435\u0432\u043d\u043e\u0439 \u0436\u0438\u0437\u043d\u0438. \u041d\u0430\u0448\u0430 \u0446\u0435\u043b\u044c \u2014 \u043e\u0431\u044a\u0435\u0434\u0438\u043d\u0438\u0442\u044c \u043d\u0430\u0443\u043a\u0443, \u0442\u0435\u0445\u043d\u043e\u043b\u043e\u0433\u0438\u0438 \u0438 \u043e\u0431\u0440\u0430\u0437\u043e\u0432\u0430\u043d\u0438\u0435, \u0447\u0442\u043e\u0431\u044b \u0434\u0430\u0442\u044c \u043a\u0430\u0436\u0434\u043e\u043c\u0443 \u043f\u043e\u043b\u044c\u0437\u043e\u0432\u0430\u0442\u0435\u043b\u044e \u043f\u0440\u0430\u043a\u0442\u0438\u0447\u0435\u0441\u043a\u0438\u0435 \u0438\u043d\u0441\u0442\u0440\u0443\u043c\u0435\u043d\u0442\u044b \u0434\u043b\u044f \u0437\u0430\u0431\u043e\u0442\u044b \u043e \u0441\u0435\u0431\u0435. \u0427\u0435\u0440\u0435\u0437 \u043e\u0431\u0443\u0447\u0435\u043d\u0438\u0435, \u0438\u0433\u0440\u044b, \u0441\u0438\u043c\u0443\u043b\u044f\u0446\u0438\u0438 \u0438 \u0441\u0438\u0441\u0442\u0435\u043c\u0443 [&hellip;]<\/p>\n","protected":false},"author":1,"featured_media":0,"parent":0,"menu_order":0,"comment_status":"closed","ping_status":"closed","template":"","meta":{"_uag_custom_page_level_css":"","site-sidebar-layout":"default","site-content-layout":"","ast-site-content-layout":"default","site-content-style":"default","site-sidebar-style":"default","ast-global-header-display":"","ast-banner-title-visibility":"","ast-main-header-display":"","ast-hfb-above-header-display":"","ast-hfb-below-header-display":"","ast-hfb-mobile-header-display":"","site-post-title":"disabled","ast-breadcrumbs-content":"","ast-featured-img":"","footer-sml-layout":"","ast-disable-related-posts":"","theme-transparent-header-meta":"","adv-header-id-meta":"","stick-header-meta":"","header-above-stick-meta":"","header-main-stick-meta":"","header-below-stick-meta":"","astra-migrate-meta-layouts":"default","ast-page-background-enabled":"default","ast-page-background-meta":{"desktop":{"background-color":"var(--ast-global-color-5)","background-image":"","background-repeat":"repeat","background-position":"center center","background-size":"auto","background-attachment":"scroll","background-type":"","background-media":"","overlay-type":"","overlay-color":"","overlay-opacity":"","overlay-gradient":""},"tablet":{"background-color":"","background-image":"","background-repeat":"repeat","background-position":"center center","background-size":"auto","background-attachment":"scroll","background-type":"","background-media":"","overlay-type":"","overlay-color":"","overlay-opacity":"","overlay-gradient":""},"mobile":{"background-color":"","background-image":"","background-repeat":"repeat","background-position":"center center","background-size":"auto","background-attachment":"scroll","background-type":"","background-media":"","overlay-type":"","overlay-color":"","overlay-opacity":"","overlay-gradient":""}},"ast-content-background-meta":{"desktop":{"background-color":"var(--ast-global-color-4)","background-image":"","background-repeat":"repeat","background-position":"center center","background-size":"auto","background-attachment":"scroll","background-type":"","background-media":"","overlay-type":"","overlay-color":"","overlay-opacity":"","overlay-gradient":""},"tablet":{"background-color":"var(--ast-global-color-4)","background-image":"","background-repeat":"repeat","background-position":"center center","background-size":"auto","background-attachment":"scroll","background-type":"","background-media":"","overlay-type":"","overlay-color":"","overlay-opacity":"","overlay-gradient":""},"mobile":{"background-color":"var(--ast-global-color-4)","background-image":"","background-repeat":"repeat","background-position":"center center","background-size":"auto","background-attachment":"scroll","background-type":"","background-media":"","overlay-type":"","overlay-color":"","overlay-opacity":"","overlay-gradient":""}},"footnotes":""},"class_list":["post-390","page","type-page","status-publish","hentry"],"uagb_featured_image_src":{"full":false,"thumbnail":false,"medium":false,"medium_large":false,"large":false,"1536x1536":false,"2048x2048":false,"trp-custom-language-flag":false},"uagb_author_info":{"display_name":"medex.","author_link":"https:\/\/medex.uno\/de\/author\/medex-uno\/"},"uagb_comment_info":0,"uagb_excerpt":"\u041c\u0438\u0441\u0441\u0438\u044f MEDEX MEDEX \u0441\u043e\u0437\u0434\u0430\u043d \u0434\u043b\u044f \u0442\u043e\u0433\u043e, \u0447\u0442\u043e\u0431\u044b \u043a\u0430\u0436\u0434\u044b\u0439 \u0447\u0435\u043b\u043e\u0432\u0435\u043a \u043f\u043e\u043b\u0443\u0447\u0438\u043b \u0434\u043e\u0441\u0442\u0443\u043f \u043a \u0441\u043e\u0432\u0440\u0435\u043c\u0435\u043d\u043d\u044b\u043c \u0437\u043d\u0430\u043d\u0438\u044f\u043c \u043e \u0437\u0434\u043e\u0440\u043e\u0432\u044c\u0435, \u043c\u0435\u0434\u0438\u0446\u0438\u043d\u0435 \u0438 \u0434\u043e\u043b\u0433\u043e\u043b\u0435\u0442\u0438\u0438. \u041c\u044b \u0441\u0442\u0440\u0435\u043c\u0438\u043c\u0441\u044f \u0441\u0434\u0435\u043b\u0430\u0442\u044c \u043c\u0435\u0434\u0438\u0446\u0438\u043d\u0441\u043a\u0443\u044e \u0433\u0440\u0430\u043c\u043e\u0442\u043d\u043e\u0441\u0442\u044c \u0434\u043e\u0441\u0442\u0443\u043f\u043d\u043e\u0439, \u043f\u043e\u043d\u044f\u0442\u043d\u043e\u0439 \u0438 \u043f\u0440\u0438\u043c\u0435\u043d\u0438\u043c\u043e\u0439 \u0432 \u043f\u043e\u0432\u0441\u0435\u0434\u043d\u0435\u0432\u043d\u043e\u0439 \u0436\u0438\u0437\u043d\u0438. \u041d\u0430\u0448\u0430 \u0446\u0435\u043b\u044c \u2014 \u043e\u0431\u044a\u0435\u0434\u0438\u043d\u0438\u0442\u044c \u043d\u0430\u0443\u043a\u0443, \u0442\u0435\u0445\u043d\u043e\u043b\u043e\u0433\u0438\u0438 \u0438 \u043e\u0431\u0440\u0430\u0437\u043e\u0432\u0430\u043d\u0438\u0435, \u0447\u0442\u043e\u0431\u044b \u0434\u0430\u0442\u044c \u043a\u0430\u0436\u0434\u043e\u043c\u0443 \u043f\u043e\u043b\u044c\u0437\u043e\u0432\u0430\u0442\u0435\u043b\u044e \u043f\u0440\u0430\u043a\u0442\u0438\u0447\u0435\u0441\u043a\u0438\u0435 \u0438\u043d\u0441\u0442\u0440\u0443\u043c\u0435\u043d\u0442\u044b \u0434\u043b\u044f \u0437\u0430\u0431\u043e\u0442\u044b \u043e \u0441\u0435\u0431\u0435. \u0427\u0435\u0440\u0435\u0437 \u043e\u0431\u0443\u0447\u0435\u043d\u0438\u0435, \u0438\u0433\u0440\u044b, \u0441\u0438\u043c\u0443\u043b\u044f\u0446\u0438\u0438 \u0438 \u0441\u0438\u0441\u0442\u0435\u043c\u0443&hellip;","_links":{"self":[{"href":"https:\/\/medex.uno\/de\/wp-json\/wp\/v2\/pages\/390","targetHints":{"allow":["GET"]}}],"collection":[{"href":"https:\/\/medex.uno\/de\/wp-json\/wp\/v2\/pages"}],"about":[{"href":"https:\/\/medex.uno\/de\/wp-json\/wp\/v2\/types\/page"}],"author":[{"embeddable":true,"href":"https:\/\/medex.uno\/de\/wp-json\/wp\/v2\/users\/1"}],"replies":[{"embeddable":true,"href":"https:\/\/medex.uno\/de\/wp-json\/wp\/v2\/comments?post=390"}],"version-history":[{"count":2,"href":"https:\/\/medex.uno\/de\/wp-json\/wp\/v2\/pages\/390\/revisions"}],"predecessor-version":[{"id":655,"href":"https:\/\/medex.uno\/de\/wp-json\/wp\/v2\/pages\/390\/revisions\/655"}],"wp:attachment":[{"href":"https:\/\/medex.uno\/de\/wp-json\/wp\/v2\/media?parent=390"}],"curies":[{"name":"wp","href":"https:\/\/api.w.org\/{rel}","templated":true}]}}