{"id":61,"date":"2025-06-12T23:17:11","date_gmt":"2025-06-12T23:17:11","guid":{"rendered":"https:\/\/medex.uno\/?page_id=61"},"modified":"2025-12-11T23:53:18","modified_gmt":"2025-12-11T23:53:18","slug":"uber","status":"publish","type":"page","link":"https:\/\/medex.uno\/de\/about\/","title":{"rendered":"Projekt"},"content":{"rendered":"<div class=\"wp-block-uagb-container uagb-block-654d7628 alignfull uagb-is-root-container\"><div class=\"uagb-container-inner-blocks-wrap\">\n<div class=\"wp-block-uagb-container uagb-block-624c2c7c\">\n<div class=\"wp-block-uagb-advanced-heading uagb-block-b71c0452\"><h3 class=\"uagb-heading-text\">\u00dcber MEDEX<\/h3><\/div>\n\n\n\n<p><strong>Medical Explorer<\/strong> - ist ein Projekt \u00fcber Gesundheit, Wissen und Chancen. Wir glauben, dass jeder Mensch \u2013 unabh\u00e4ngig von Nationalit\u00e4t, sozialem Status oder Bildungsniveau \u2013 Zugang zu Wissen haben sollte, das hilft, die Gesundheit zu erhalten und die Lebensqualit\u00e4t zu verbessern. Das Projekt wurde ins Leben gerufen, um die Kluft zwischen dem schnellen Fortschritt der Wissenschaft und dem Alltag der Menschen zu \u00fcberbr\u00fccken.<\/p>\n\n\n\n<p><strong>Problem<\/strong><\/p>\n\n\n\n<p>Die Welt steht heute vor einem Paradoxon: Obwohl sich die moderne Medizin rasant entwickelt, haben Millionen von Menschen keinen Zugang zu grundlegenden Kenntnissen und Hilfe. Hohe Kosten f\u00fcr Medizin und Ausbildung, der Mangel an Fachleuten in vielen Regionen und ein niedriger Grad an medizinischer Aufkl\u00e4rung f\u00fchren dazu, dass Menschen oft nicht wissen, wie sie in kritischen Situationen handeln sollen. Diese L\u00fccken kosten t\u00e4glich viele Menschenleben.<\/p>\n\n\n\n<p><strong>Unser Auftrag<\/strong><\/p>\n\n\n\n<p><strong>MEDEX<\/strong> wurde gegr\u00fcndet, um diese Situation zu \u00e4ndern. Unser Ziel ist es, medizinisches Wissen f\u00fcr alle zug\u00e4nglich zu machen \u2014 in einfacher Sprache, in einem praktischen Format und mit moderner Technologie. \nWie wir das tun: Lernkarten und Tests, Simulationen und interaktive Szenarien sowie ein spielbasiertes Belohnungssystem. <strong>MEDEX<\/strong>. <a href=\"https:\/\/medex.uno\/de\/marketplace\/\" data-type=\"page\" data-id=\"478\">Marktplatz<\/a> mit vertrauensw\u00fcrdigen Produkten und Dienstleistungen. Eine Gemeinschaft zum Erfahrungsaustausch und zur gegenseitigen Unterst\u00fctzung.<\/p>\n\n\n\n<p><strong>Zukunftstechnologien<\/strong><\/p>\n\n\n\n<p><strong>MEDEX<\/strong> - ist nicht nur eine Bildungsplattform, sondern ein innovatives \u00d6kosystem. Wir implementieren Blockchain f\u00fcr Transparenz und Vertrauen, NFT-Erfolge als einzigartige digitale Belohnungen und Governance durch tokenbasiertes Abstimmen <strong>MEDEX<\/strong> zur Steuerung der Projektentwicklung und der eigenen Tokenomics, wobei MEDEX als Belohnung f\u00fcr Lernen, Engagement und K\u00e4ufe genutzt wird.<\/p>\n\n\n\n<p>Wir glauben, dass Wissen und Technologie Leben retten. MEDEX ist eine Bewegung f\u00fcr Gesundheit, Bildung und Zukunft. Erfahren Sie mehr \u00fcber die Philosophie und Werte des Projekts <a href=\"https:\/\/medex.uno\/de\/mission\/\" data-type=\"page\" data-id=\"390\">lesen Sie im Abschnitt MEDEX Mission<\/a>.\"<\/p>\n<\/div>\n<\/div><\/div>\n\n\n\n<p><\/p>","protected":false},"excerpt":{"rendered":"<p>\u041e \u043f\u0440\u043e\u0435\u043a\u0442\u0435 MEDEX Medical Explorer \u2014 \u044d\u0442\u043e \u043f\u0440\u043e\u0435\u043a\u0442 \u043e \u0437\u0434\u043e\u0440\u043e\u0432\u044c\u0435, \u0437\u043d\u0430\u043d\u0438\u044f\u0445 \u0438 \u0432\u043e\u0437\u043c\u043e\u0436\u043d\u043e\u0441\u0442\u044f\u0445. \u041c\u044b \u0432\u0435\u0440\u0438\u043c, \u0447\u0442\u043e \u043a\u0430\u0436\u0434\u044b\u0439 \u0447\u0435\u043b\u043e\u0432\u0435\u043a, \u043d\u0435\u0437\u0430\u0432\u0438\u0441\u0438\u043c\u043e \u043e\u0442 \u0441\u0432\u043e\u0435\u0439 \u043d\u0430\u0446\u0438\u043e\u043d\u0430\u043b\u044c\u043d\u043e\u0441\u0442\u0438, \u0441\u043e\u0446\u0438\u0430\u043b\u044c\u043d\u043e\u0433\u043e \u0441\u0442\u0430\u0442\u0443\u0441\u0430 \u0438\u043b\u0438 \u0443\u0440\u043e\u0432\u043d\u044f \u043e\u0431\u0440\u0430\u0437\u043e\u0432\u0430\u043d\u0438\u044f, \u0434\u043e\u043b\u0436\u0435\u043d \u0438\u043c\u0435\u0442\u044c \u0434\u043e\u0441\u0442\u0443\u043f \u043a \u0437\u043d\u0430\u043d\u0438\u044f\u043c, \u043a\u043e\u0442\u043e\u0440\u044b\u0435 \u043f\u043e\u043c\u043e\u0433\u0430\u044e\u0442 \u0441\u043e\u0445\u0440\u0430\u043d\u044f\u0442\u044c \u0437\u0434\u043e\u0440\u043e\u0432\u044c\u0435 \u0438 \u0443\u043b\u0443\u0447\u0448\u0430\u0442\u044c \u043a\u0430\u0447\u0435\u0441\u0442\u0432\u043e \u0436\u0438\u0437\u043d\u0438. \u041f\u0440\u043e\u0435\u043a\u0442 &#171;\u0440\u043e\u0436\u0434\u0435\u043d&#187; \u0438\u0437 \u0436\u0435\u043b\u0430\u043d\u0438\u044f \u0441\u043e\u043a\u0440\u0430\u0442\u0438\u0442\u044c \u043f\u0440\u043e\u043f\u0430\u0441\u0442\u044c \u043c\u0435\u0436\u0434\u0443 \u0441\u0442\u0440\u0435\u043c\u0438\u0442\u0435\u043b\u044c\u043d\u044b\u043c \u043f\u0440\u043e\u0433\u0440\u0435\u0441\u0441\u043e\u043c \u043d\u0430\u0443\u043a\u0438 \u0438 \u0440\u0435\u0430\u043b\u044c\u043d\u043e\u0439 \u0436\u0438\u0437\u043d\u044c\u044e \u043b\u044e\u0434\u0435\u0439. \u041f\u0440\u043e\u0431\u043b\u0435\u043c\u0430 [&hellip;]<\/p>\n","protected":false},"author":1,"featured_media":0,"parent":0,"menu_order":0,"comment_status":"closed","ping_status":"closed","template":"","meta":{"_uag_custom_page_level_css":"","site-sidebar-layout":"default","site-content-layout":"","ast-site-content-layout":"default","site-content-style":"default","site-sidebar-style":"default","ast-global-header-display":"","ast-banner-title-visibility":"","ast-main-header-display":"","ast-hfb-above-header-display":"","ast-hfb-below-header-display":"","ast-hfb-mobile-header-display":"","site-post-title":"disabled","ast-breadcrumbs-content":"","ast-featured-img":"","footer-sml-layout":"","ast-disable-related-posts":"","theme-transparent-header-meta":"","adv-header-id-meta":"","stick-header-meta":"","header-above-stick-meta":"","header-main-stick-meta":"","header-below-stick-meta":"","astra-migrate-meta-layouts":"default","ast-page-background-enabled":"default","ast-page-background-meta":{"desktop":{"background-color":"var(--ast-global-color-5)","background-image":"","background-repeat":"repeat","background-position":"center center","background-size":"auto","background-attachment":"scroll","background-type":"","background-media":"","overlay-type":"","overlay-color":"","overlay-opacity":"","overlay-gradient":""},"tablet":{"background-color":"","background-image":"","background-repeat":"repeat","background-position":"center center","background-size":"auto","background-attachment":"scroll","background-type":"","background-media":"","overlay-type":"","overlay-color":"","overlay-opacity":"","overlay-gradient":""},"mobile":{"background-color":"","background-image":"","background-repeat":"repeat","background-position":"center center","background-size":"auto","background-attachment":"scroll","background-type":"","background-media":"","overlay-type":"","overlay-color":"","overlay-opacity":"","overlay-gradient":""}},"ast-content-background-meta":{"desktop":{"background-color":"var(--ast-global-color-4)","background-image":"","background-repeat":"repeat","background-position":"center center","background-size":"auto","background-attachment":"scroll","background-type":"","background-media":"","overlay-type":"","overlay-color":"","overlay-opacity":"","overlay-gradient":""},"tablet":{"background-color":"var(--ast-global-color-4)","background-image":"","background-repeat":"repeat","background-position":"center center","background-size":"auto","background-attachment":"scroll","background-type":"","background-media":"","overlay-type":"","overlay-color":"","overlay-opacity":"","overlay-gradient":""},"mobile":{"background-color":"var(--ast-global-color-4)","background-image":"","background-repeat":"repeat","background-position":"center center","background-size":"auto","background-attachment":"scroll","background-type":"","background-media":"","overlay-type":"","overlay-color":"","overlay-opacity":"","overlay-gradient":""}},"footnotes":""},"class_list":["post-61","page","type-page","status-publish","hentry"],"uagb_featured_image_src":{"full":false,"thumbnail":false,"medium":false,"medium_large":false,"large":false,"1536x1536":false,"2048x2048":false,"trp-custom-language-flag":false},"uagb_author_info":{"display_name":"medex.","author_link":"https:\/\/medex.uno\/de\/author\/medex-uno\/"},"uagb_comment_info":0,"uagb_excerpt":"\u041e \u043f\u0440\u043e\u0435\u043a\u0442\u0435 MEDEX Medical Explorer \u2014 \u044d\u0442\u043e \u043f\u0440\u043e\u0435\u043a\u0442 \u043e \u0437\u0434\u043e\u0440\u043e\u0432\u044c\u0435, \u0437\u043d\u0430\u043d\u0438\u044f\u0445 \u0438 \u0432\u043e\u0437\u043c\u043e\u0436\u043d\u043e\u0441\u0442\u044f\u0445. \u041c\u044b \u0432\u0435\u0440\u0438\u043c, \u0447\u0442\u043e \u043a\u0430\u0436\u0434\u044b\u0439 \u0447\u0435\u043b\u043e\u0432\u0435\u043a, \u043d\u0435\u0437\u0430\u0432\u0438\u0441\u0438\u043c\u043e \u043e\u0442 \u0441\u0432\u043e\u0435\u0439 \u043d\u0430\u0446\u0438\u043e\u043d\u0430\u043b\u044c\u043d\u043e\u0441\u0442\u0438, \u0441\u043e\u0446\u0438\u0430\u043b\u044c\u043d\u043e\u0433\u043e \u0441\u0442\u0430\u0442\u0443\u0441\u0430 \u0438\u043b\u0438 \u0443\u0440\u043e\u0432\u043d\u044f \u043e\u0431\u0440\u0430\u0437\u043e\u0432\u0430\u043d\u0438\u044f, \u0434\u043e\u043b\u0436\u0435\u043d \u0438\u043c\u0435\u0442\u044c \u0434\u043e\u0441\u0442\u0443\u043f \u043a \u0437\u043d\u0430\u043d\u0438\u044f\u043c, \u043a\u043e\u0442\u043e\u0440\u044b\u0435 \u043f\u043e\u043c\u043e\u0433\u0430\u044e\u0442 \u0441\u043e\u0445\u0440\u0430\u043d\u044f\u0442\u044c \u0437\u0434\u043e\u0440\u043e\u0432\u044c\u0435 \u0438 \u0443\u043b\u0443\u0447\u0448\u0430\u0442\u044c \u043a\u0430\u0447\u0435\u0441\u0442\u0432\u043e \u0436\u0438\u0437\u043d\u0438. \u041f\u0440\u043e\u0435\u043a\u0442 &#171;\u0440\u043e\u0436\u0434\u0435\u043d&#187; \u0438\u0437 \u0436\u0435\u043b\u0430\u043d\u0438\u044f \u0441\u043e\u043a\u0440\u0430\u0442\u0438\u0442\u044c \u043f\u0440\u043e\u043f\u0430\u0441\u0442\u044c \u043c\u0435\u0436\u0434\u0443 \u0441\u0442\u0440\u0435\u043c\u0438\u0442\u0435\u043b\u044c\u043d\u044b\u043c \u043f\u0440\u043e\u0433\u0440\u0435\u0441\u0441\u043e\u043c \u043d\u0430\u0443\u043a\u0438 \u0438 \u0440\u0435\u0430\u043b\u044c\u043d\u043e\u0439 \u0436\u0438\u0437\u043d\u044c\u044e \u043b\u044e\u0434\u0435\u0439. \u041f\u0440\u043e\u0431\u043b\u0435\u043c\u0430&hellip;","_links":{"self":[{"href":"https:\/\/medex.uno\/de\/wp-json\/wp\/v2\/pages\/61","targetHints":{"allow":["GET"]}}],"collection":[{"href":"https:\/\/medex.uno\/de\/wp-json\/wp\/v2\/pages"}],"about":[{"href":"https:\/\/medex.uno\/de\/wp-json\/wp\/v2\/types\/page"}],"author":[{"embeddable":true,"href":"https:\/\/medex.uno\/de\/wp-json\/wp\/v2\/users\/1"}],"replies":[{"embeddable":true,"href":"https:\/\/medex.uno\/de\/wp-json\/wp\/v2\/comments?post=61"}],"version-history":[{"count":7,"href":"https:\/\/medex.uno\/de\/wp-json\/wp\/v2\/pages\/61\/revisions"}],"predecessor-version":[{"id":664,"href":"https:\/\/medex.uno\/de\/wp-json\/wp\/v2\/pages\/61\/revisions\/664"}],"wp:attachment":[{"href":"https:\/\/medex.uno\/de\/wp-json\/wp\/v2\/media?parent=61"}],"curies":[{"name":"wp","href":"https:\/\/api.w.org\/{rel}","templated":true}]}}