{"id":388,"date":"2025-08-16T00:52:00","date_gmt":"2025-08-16T00:52:00","guid":{"rendered":"https:\/\/medex.uno\/?page_id=388"},"modified":"2025-10-14T22:11:36","modified_gmt":"2025-10-14T22:11:36","slug":"hoja-de-ruta","status":"publish","type":"page","link":"https:\/\/medex.uno\/es\/roadmap\/","title":{"rendered":"Hoja de ruta"},"content":{"rendered":"<div class=\"wp-block-uagb-container uagb-block-8b2b5400 alignfull uagb-is-root-container\"><div class=\"uagb-container-inner-blocks-wrap\">\n<div class=\"wp-block-uagb-advanced-heading uagb-block-85612ab8\"><h3 class=\"uagb-heading-text\">Hoja de ruta MEDEX<\/h3><\/div>\n\n\n\n<div class=\"wp-block-uagb-content-timeline uagb-timeline__outer-wrap uagb-block-e00dbc3b uagb-timeline__content-wrap uagb-timeline__center-block  uagb-timeline__arrow-center uagb-timeline\">\n<article class=\"wp-block-uagb-content-timeline-child uagb-timeline__field uagb-timeline-child-0f944b18 uagb-timeline__right\"><div class=\"uagb-timeline__marker out-view-uagb-timeline__icon\"><svg xmlns=\"https:\/\/www.w3.org\/2000\/svg\" viewbox=\"0 0 448 512\"><path d=\"M160 32V64H288V32C288 14.33 302.3 0 320 0C337.7 0 352 14.33 352 32V64H400C426.5 64 448 85.49 448 112V160H0V112C0 85.49 21.49 64 48 64H96V32C96 14.33 110.3 0 128 0C145.7 0 160 14.33 160 32zM0 192H448V464C448 490.5 426.5 512 400 512H48C21.49 512 0 490.5 0 464V192zM64 304C64 312.8 71.16 320 80 320H112C120.8 320 128 312.8 128 304V272C128 263.2 120.8 256 112 256H80C71.16 256 64 263.2 64 272V304zM192 304C192 312.8 199.2 320 208 320H240C248.8 320 256 312.8 256 304V272C256 263.2 248.8 256 240 256H208C199.2 256 192 263.2 192 272V304zM336 256C327.2 256 320 263.2 320 272V304C320 312.8 327.2 320 336 320H368C376.8 320 384 312.8 384 304V272C384 263.2 376.8 256 368 256H336zM64 432C64 440.8 71.16 448 80 448H112C120.8 448 128 440.8 128 432V400C128 391.2 120.8 384 112 384H80C71.16 384 64 391.2 64 400V432zM208 384C199.2 384 192 391.2 192 400V432C192 440.8 199.2 448 208 448H240C248.8 448 256 440.8 256 432V400C256 391.2 248.8 384 240 384H208zM320 432C320 440.8 327.2 448 336 448H368C376.8 448 384 440.8 384 432V400C384 391.2 376.8 384 368 384H336C327.2 384 320 391.2 320 400V432z\"><\/path><\/svg><\/div><div class=\"uagb-timeline__day-new uagb-timeline__day-right uagb-timeline__events-inner-new\"><div class=\"uagb-timeline__events-inner--content\"><h4 class=\"uagb-timeline__heading\"><strong>Etapa 1. Lanzamiento de la plataforma \u2014 2025\u20132026.<\/strong><\/h4><p class=\"uagb-timeline-desc-content\">Creaci\u00f3n del sitio web de MEDEX y puesta en marcha de funciones clave: recurso de noticias sobre medicina y ciencia, materiales educativos y mec\u00e1nicas de juego b\u00e1sicas para la participaci\u00f3n de los usuarios. En esta etapa se forma la base del ecosistema, se construye la comunidad y los procesos principales se ponen a prueba y se ajustan. Criterios de finalizaci\u00f3n: sitio en producci\u00f3n, n\u00facleo de contenidos, MVP del \u00e1rea personal, gamificaci\u00f3n b\u00e1sica, procedimientos antifraude b\u00e1sicos.<\/p><div class=\"uagb-timeline__arrow\"><\/div><\/div><\/div><div class=\"uagb-timeline__date-new\"><\/div><\/article>\n\n\n\n<article class=\"wp-block-uagb-content-timeline-child uagb-timeline__field uagb-timeline-child-96e0d466 uagb-timeline__left\"><div class=\"uagb-timeline__marker out-view-uagb-timeline__icon\"><svg xmlns=\"https:\/\/www.w3.org\/2000\/svg\" viewbox=\"0 0 448 512\"><path d=\"M160 32V64H288V32C288 14.33 302.3 0 320 0C337.7 0 352 14.33 352 32V64H400C426.5 64 448 85.49 448 112V160H0V112C0 85.49 21.49 64 48 64H96V32C96 14.33 110.3 0 128 0C145.7 0 160 14.33 160 32zM0 192H448V464C448 490.5 426.5 512 400 512H48C21.49 512 0 490.5 0 464V192zM64 304C64 312.8 71.16 320 80 320H112C120.8 320 128 312.8 128 304V272C128 263.2 120.8 256 112 256H80C71.16 256 64 263.2 64 272V304zM192 304C192 312.8 199.2 320 208 320H240C248.8 320 256 312.8 256 304V272C256 263.2 248.8 256 240 256H208C199.2 256 192 263.2 192 272V304zM336 256C327.2 256 320 263.2 320 272V304C320 312.8 327.2 320 336 320H368C376.8 320 384 312.8 384 304V272C384 263.2 376.8 256 368 256H336zM64 432C64 440.8 71.16 448 80 448H112C120.8 448 128 440.8 128 432V400C128 391.2 120.8 384 112 384H80C71.16 384 64 391.2 64 400V432zM208 384C199.2 384 192 391.2 192 400V432C192 440.8 199.2 448 208 448H240C248.8 448 256 440.8 256 432V400C256 391.2 248.8 384 240 384H208zM320 432C320 440.8 327.2 448 336 448H368C376.8 448 384 440.8 384 432V400C384 391.2 376.8 384 368 384H336C327.2 384 320 391.2 320 400V432z\"><\/path><\/svg><\/div><div class=\"uagb-timeline__day-new uagb-timeline__day-left uagb-timeline__events-inner-new\"><div class=\"uagb-timeline__events-inner--content\"><h4 class=\"uagb-timeline__heading\"><strong>Etapa 2. Desarrollo del \u00e1rea educativa y Web3 ~ Q4 2027.<\/strong><\/h4><p class=\"uagb-timeline-desc-content\">Ampliaci\u00f3n de la plataforma mediante nuevos formatos de aprendizaje: pruebas, simulaciones, tarjetas de conocimiento y mec\u00e1nicas de juego. Implementaci\u00f3n de un sistema de puntos por actividad y de un programa de recompensas que incluye aprendizaje, participaci\u00f3n en la comunidad y otras actividades. En paralelo, se prev\u00e9 la integraci\u00f3n de funcionalidad Web3 a trav\u00e9s de un Telegram WebApp, lo que har\u00e1 el uso de la plataforma m\u00e1s c\u00f3modo y sentar\u00e1 las bases de la futura token\u00f3mica. Esta etapa sienta la base de la motivaci\u00f3n del usuario y consolida el valor de la l\u00ednea educativa. Criterios de finalizaci\u00f3n: se publican las reglas de acumulaci\u00f3n de puntos, el Telegram WebApp est\u00e1 integrado y las m\u00e9tricas de participaci\u00f3n son consistentemente positivas.<\/p><div class=\"uagb-timeline__arrow\"><\/div><\/div><\/div><div class=\"uagb-timeline__date-new\"><\/div><\/article>\n\n\n\n<article class=\"wp-block-uagb-content-timeline-child uagb-timeline__field uagb-timeline-child-8a0b87b2 uagb-timeline__right\"><div class=\"uagb-timeline__marker out-view-uagb-timeline__icon\"><svg xmlns=\"https:\/\/www.w3.org\/2000\/svg\" viewbox=\"0 0 448 512\"><path d=\"M160 32V64H288V32C288 14.33 302.3 0 320 0C337.7 0 352 14.33 352 32V64H400C426.5 64 448 85.49 448 112V160H0V112C0 85.49 21.49 64 48 64H96V32C96 14.33 110.3 0 128 0C145.7 0 160 14.33 160 32zM0 192H448V464C448 490.5 426.5 512 400 512H48C21.49 512 0 490.5 0 464V192zM64 304C64 312.8 71.16 320 80 320H112C120.8 320 128 312.8 128 304V272C128 263.2 120.8 256 112 256H80C71.16 256 64 263.2 64 272V304zM192 304C192 312.8 199.2 320 208 320H240C248.8 320 256 312.8 256 304V272C256 263.2 248.8 256 240 256H208C199.2 256 192 263.2 192 272V304zM336 256C327.2 256 320 263.2 320 272V304C320 312.8 327.2 320 336 320H368C376.8 320 384 312.8 384 304V272C384 263.2 376.8 256 368 256H336zM64 432C64 440.8 71.16 448 80 448H112C120.8 448 128 440.8 128 432V400C128 391.2 120.8 384 112 384H80C71.16 384 64 391.2 64 400V432zM208 384C199.2 384 192 391.2 192 400V432C192 440.8 199.2 448 208 448H240C248.8 448 256 440.8 256 432V400C256 391.2 248.8 384 240 384H208zM320 432C320 440.8 327.2 448 336 448H368C376.8 448 384 440.8 384 432V400C384 391.2 376.8 384 368 384H336C327.2 384 320 391.2 320 400V432z\"><\/path><\/svg><\/div><div class=\"uagb-timeline__day-new uagb-timeline__day-right uagb-timeline__events-inner-new\"><div class=\"uagb-timeline__events-inner--content\"><h4 class=\"uagb-timeline__heading\"><strong>Fase 3. Marketplace y econom\u00eda interna ~ Q4 de 2028.<\/strong><\/h4><p class=\"uagb-timeline-desc-content\">Lanzamiento del marketplace donde los usuarios podr\u00e1n adquirir productos, servicios y consultas. Implementaci\u00f3n de un sistema de cashback en puntos, desarrollo de la red de socios e integraci\u00f3n de soluciones pr\u00e1cticas en el ecosistema. Esta etapa conecta la educaci\u00f3n con acciones reales y forma una econom\u00eda MEDEX sostenible. Aclaraci\u00f3n: el \u00abcashback\u00bb se implementa con puntos off-chain, no con pagos en dinero. Criterios de finalizaci\u00f3n: MVP del marketplace, primeros escaparates, y sistema de puntos operativo en los socios.<\/p><div class=\"uagb-timeline__arrow\"><\/div><\/div><\/div><div class=\"uagb-timeline__date-new\"><\/div><\/article>\n\n\n\n<article class=\"wp-block-uagb-content-timeline-child uagb-timeline__field uagb-timeline-child-85fdbcb6 uagb-timeline__left\"><div class=\"uagb-timeline__marker out-view-uagb-timeline__icon\"><svg xmlns=\"https:\/\/www.w3.org\/2000\/svg\" viewbox=\"0 0 448 512\"><path d=\"M160 32V64H288V32C288 14.33 302.3 0 320 0C337.7 0 352 14.33 352 32V64H400C426.5 64 448 85.49 448 112V160H0V112C0 85.49 21.49 64 48 64H96V32C96 14.33 110.3 0 128 0C145.7 0 160 14.33 160 32zM0 192H448V464C448 490.5 426.5 512 400 512H48C21.49 512 0 490.5 0 464V192zM64 304C64 312.8 71.16 320 80 320H112C120.8 320 128 312.8 128 304V272C128 263.2 120.8 256 112 256H80C71.16 256 64 263.2 64 272V304zM192 304C192 312.8 199.2 320 208 320H240C248.8 320 256 312.8 256 304V272C256 263.2 248.8 256 240 256H208C199.2 256 192 263.2 192 272V304zM336 256C327.2 256 320 263.2 320 272V304C320 312.8 327.2 320 336 320H368C376.8 320 384 312.8 384 304V272C384 263.2 376.8 256 368 256H336zM64 432C64 440.8 71.16 448 80 448H112C120.8 448 128 440.8 128 432V400C128 391.2 120.8 384 112 384H80C71.16 384 64 391.2 64 400V432zM208 384C199.2 384 192 391.2 192 400V432C192 440.8 199.2 448 208 448H240C248.8 448 256 440.8 256 432V400C256 391.2 248.8 384 240 384H208zM320 432C320 440.8 327.2 448 336 448H368C376.8 448 384 440.8 384 432V400C384 391.2 376.8 384 368 384H336C327.2 384 320 391.2 320 400V432z\"><\/path><\/svg><\/div><div class=\"uagb-timeline__day-new uagb-timeline__day-left uagb-timeline__events-inner-new\"><div class=\"uagb-timeline__events-inner--content\"><h4 class=\"uagb-timeline__heading\"><strong>Etapa 4. Expansi\u00f3n del ecosistema y nuevas capacidades ~ Q4 2029.<\/strong><\/h4><p class=\"uagb-timeline-desc-content\">Desarrollo de servicios y tecnolog\u00edas adicionales en las \u00e1reas de salud, educaci\u00f3n y actividad del usuario. Las posibles l\u00edneas incluyen herramientas para el seguimiento y la mejora de la calidad de vida, y nuevas funciones para los miembros de la comunidad y los socios. El objetivo de esta etapa es convertir MEDEX en una plataforma universal que integre aprendizaje, soluciones pr\u00e1cticas y servicios tecnol\u00f3gicos. Criterios de finalizaci\u00f3n: lanzamiento de 1\u20132 nuevos servicios, ampliaci\u00f3n de las integraciones con socios y crecimiento de la base de usuarios activos.<\/p><div class=\"uagb-timeline__arrow\"><\/div><\/div><\/div><div class=\"uagb-timeline__date-new\"><\/div><\/article>\n\n\n\n<article class=\"wp-block-uagb-content-timeline-child uagb-timeline__field uagb-timeline-child-29b1d9ba uagb-timeline__right\"><div class=\"uagb-timeline__marker out-view-uagb-timeline__icon\"><svg xmlns=\"https:\/\/www.w3.org\/2000\/svg\" viewbox=\"0 0 448 512\"><path d=\"M160 32V64H288V32C288 14.33 302.3 0 320 0C337.7 0 352 14.33 352 32V64H400C426.5 64 448 85.49 448 112V160H0V112C0 85.49 21.49 64 48 64H96V32C96 14.33 110.3 0 128 0C145.7 0 160 14.33 160 32zM0 192H448V464C448 490.5 426.5 512 400 512H48C21.49 512 0 490.5 0 464V192zM64 304C64 312.8 71.16 320 80 320H112C120.8 320 128 312.8 128 304V272C128 263.2 120.8 256 112 256H80C71.16 256 64 263.2 64 272V304zM192 304C192 312.8 199.2 320 208 320H240C248.8 320 256 312.8 256 304V272C256 263.2 248.8 256 240 256H208C199.2 256 192 263.2 192 272V304zM336 256C327.2 256 320 263.2 320 272V304C320 312.8 327.2 320 336 320H368C376.8 320 384 312.8 384 304V272C384 263.2 376.8 256 368 256H336zM64 432C64 440.8 71.16 448 80 448H112C120.8 448 128 440.8 128 432V400C128 391.2 120.8 384 112 384H80C71.16 384 64 391.2 64 400V432zM208 384C199.2 384 192 391.2 192 400V432C192 440.8 199.2 448 208 448H240C248.8 448 256 440.8 256 432V400C256 391.2 248.8 384 240 384H208zM320 432C320 440.8 327.2 448 336 448H368C376.8 448 384 440.8 384 432V400C384 391.2 376.8 384 368 384H336C327.2 384 320 391.2 320 400V432z\"><\/path><\/svg><\/div><div class=\"uagb-timeline__day-new uagb-timeline__day-right uagb-timeline__events-inner-new\"><div class=\"uagb-timeline__events-inner--content\"><h4 class=\"uagb-timeline__heading\"><strong>Etapa 5. Aplicaci\u00f3n m\u00f3vil e integraci\u00f3n tecnol\u00f3gica ~ T3 de 2030.<\/strong><\/h4><p class=\"uagb-timeline-desc-content\">Desarrollo y lanzamiento de una aplicaci\u00f3n m\u00f3vil que integrar\u00e1 el programa de recompensas, el monedero y el marketplace, manteniendo las noticias y el aprendizaje en el sitio web. Las integraciones tecnol\u00f3gicas y servicios adicionales se implementar\u00e1n a medida que est\u00e9n listos y se ajusten a la estrategia. Enfoque en crear una experiencia de usuario unificada y ampliar los casos de uso de MEDEX. Criterios de finalizaci\u00f3n: versi\u00f3n iOS\/Android, inicio de sesi\u00f3n \u00fanico (SSO), sincronizaci\u00f3n de perfil\/puntos\/monedero.<\/p><div class=\"uagb-timeline__arrow\"><\/div><\/div><\/div><div class=\"uagb-timeline__date-new\"><\/div><\/article>\n<div class=\"uagb-timeline__line\"><div class=\"uagb-timeline__line__inner\"><\/div><\/div><\/div>\n<\/div><\/div>\n\n\n\n<p><\/p>\n\n\n\n<p>Borrador v1. Los plazos son orientativos y pueden revisarse: pueden cambiar las fechas, el listado de tareas y su priorizaci\u00f3n. Este documento es informativo y no genera compromisos; el calendario real depende de la auditor\u00eda y el cumplimiento normativo, de la preparaci\u00f3n de los socios y de los recursos disponibles. La p\u00e1gina se actualizar\u00e1. 15.10.2025.<\/p>","protected":false},"excerpt":{"rendered":"<p>\u0414\u043e\u0440\u043e\u0436\u043d\u0430\u044f \u043a\u0430\u0440\u0442\u0430 MEDEX \u0427\u0435\u0440\u043d\u043e\u0432\u0438\u043a v1. \u0421\u0440\u043e\u043a\u0438 \u0443\u043a\u0430\u0437\u0430\u043d\u044b \u043a\u0430\u043a \u043e\u0440\u0438\u0435\u043d\u0442\u0438\u0440\u044b \u0438 \u043c\u043e\u0433\u0443\u0442 \u043f\u0435\u0440\u0435\u0441\u043c\u0430\u0442\u0440\u0438\u0432\u0430\u0442\u044c\u0441\u044f: \u0438\u0437\u043c\u0435\u043d\u044f\u0442\u044c\u0441\u044f \u043c\u043e\u0433\u0443\u0442 \u0434\u0430\u0442\u044b, \u043f\u0435\u0440\u0435\u0447\u0435\u043d\u044c \u0437\u0430\u0434\u0430\u0447 \u0438 \u0438\u0445 \u043f\u0440\u0438\u043e\u0440\u0438\u0442\u0438\u0437\u0430\u0446\u0438\u044f. \u0414\u043e\u043a\u0443\u043c\u0435\u043d\u0442 \u043d\u043e\u0441\u0438\u0442 \u0438\u043d\u0444\u043e\u0440\u043c\u0430\u0446\u0438\u043e\u043d\u043d\u044b\u0439 \u0445\u0430\u0440\u0430\u043a\u0442\u0435\u0440 \u0438 \u043d\u0435 \u043e\u0431\u0440\u0430\u0437\u0443\u0435\u0442 \u043e\u0431\u044f\u0437\u0430\u0442\u0435\u043b\u044c\u0441\u0442\u0432; \u0444\u0430\u043a\u0442\u0438\u0447\u0435\u0441\u043a\u0438\u0439 \u0433\u0440\u0430\u0444\u0438\u043a \u0437\u0430\u0432\u0438\u0441\u0438\u0442 \u043e\u0442 \u0430\u0443\u0434\u0438\u0442\u0430\/\u043a\u043e\u043c\u043f\u043b\u0430\u0435\u043d\u0441\u0430, \u0433\u043e\u0442\u043e\u0432\u043d\u043e\u0441\u0442\u0438 \u043f\u0430\u0440\u0442\u043d\u0451\u0440\u043e\u0432 \u0438 \u0434\u043e\u0441\u0442\u0443\u043f\u043d\u044b\u0445 \u0440\u0435\u0441\u0443\u0440\u0441\u043e\u0432. \u0421\u0442\u0440\u0430\u043d\u0438\u0446\u0430 \u0431\u0443\u0434\u0435\u0442 \u043e\u0431\u043d\u043e\u0432\u043b\u044f\u0442\u044c\u0441\u044f. 15.10.2025.<\/p>","protected":false},"author":1,"featured_media":0,"parent":0,"menu_order":0,"comment_status":"closed","ping_status":"closed","template":"","meta":{"_uag_custom_page_level_css":"","site-sidebar-layout":"default","site-content-layout":"","ast-site-content-layout":"default","site-content-style":"default","site-sidebar-style":"default","ast-global-header-display":"","ast-banner-title-visibility":"","ast-main-header-display":"","ast-hfb-above-header-display":"","ast-hfb-below-header-display":"","ast-hfb-mobile-header-display":"","site-post-title":"disabled","ast-breadcrumbs-content":"","ast-featured-img":"","footer-sml-layout":"","ast-disable-related-posts":"","theme-transparent-header-meta":"","adv-header-id-meta":"","stick-header-meta":"","header-above-stick-meta":"","header-main-stick-meta":"","header-below-stick-meta":"","astra-migrate-meta-layouts":"default","ast-page-background-enabled":"default","ast-page-background-meta":{"desktop":{"background-color":"var(--ast-global-color-5)","background-image":"","background-repeat":"repeat","background-position":"center center","background-size":"auto","background-attachment":"scroll","background-type":"","background-media":"","overlay-type":"","overlay-color":"","overlay-opacity":"","overlay-gradient":""},"tablet":{"background-color":"","background-image":"","background-repeat":"repeat","background-position":"center center","background-size":"auto","background-attachment":"scroll","background-type":"","background-media":"","overlay-type":"","overlay-color":"","overlay-opacity":"","overlay-gradient":""},"mobile":{"background-color":"","background-image":"","background-repeat":"repeat","background-position":"center center","background-size":"auto","background-attachment":"scroll","background-type":"","background-media":"","overlay-type":"","overlay-color":"","overlay-opacity":"","overlay-gradient":""}},"ast-content-background-meta":{"desktop":{"background-color":"var(--ast-global-color-4)","background-image":"","background-repeat":"repeat","background-position":"center center","background-size":"auto","background-attachment":"scroll","background-type":"","background-media":"","overlay-type":"","overlay-color":"","overlay-opacity":"","overlay-gradient":""},"tablet":{"background-color":"var(--ast-global-color-4)","background-image":"","background-repeat":"repeat","background-position":"center center","background-size":"auto","background-attachment":"scroll","background-type":"","background-media":"","overlay-type":"","overlay-color":"","overlay-opacity":"","overlay-gradient":""},"mobile":{"background-color":"var(--ast-global-color-4)","background-image":"","background-repeat":"repeat","background-position":"center center","background-size":"auto","background-attachment":"scroll","background-type":"","background-media":"","overlay-type":"","overlay-color":"","overlay-opacity":"","overlay-gradient":""}},"footnotes":""},"class_list":["post-388","page","type-page","status-publish","hentry"],"uagb_featured_image_src":{"full":false,"thumbnail":false,"medium":false,"medium_large":false,"large":false,"1536x1536":false,"2048x2048":false,"trp-custom-language-flag":false},"uagb_author_info":{"display_name":"medex.","author_link":"https:\/\/medex.uno\/es\/author\/medex-uno\/"},"uagb_comment_info":0,"uagb_excerpt":"\u0414\u043e\u0440\u043e\u0436\u043d\u0430\u044f \u043a\u0430\u0440\u0442\u0430 MEDEX \u0427\u0435\u0440\u043d\u043e\u0432\u0438\u043a v1. \u0421\u0440\u043e\u043a\u0438 \u0443\u043a\u0430\u0437\u0430\u043d\u044b \u043a\u0430\u043a \u043e\u0440\u0438\u0435\u043d\u0442\u0438\u0440\u044b \u0438 \u043c\u043e\u0433\u0443\u0442 \u043f\u0435\u0440\u0435\u0441\u043c\u0430\u0442\u0440\u0438\u0432\u0430\u0442\u044c\u0441\u044f: \u0438\u0437\u043c\u0435\u043d\u044f\u0442\u044c\u0441\u044f \u043c\u043e\u0433\u0443\u0442 \u0434\u0430\u0442\u044b, \u043f\u0435\u0440\u0435\u0447\u0435\u043d\u044c \u0437\u0430\u0434\u0430\u0447 \u0438 \u0438\u0445 \u043f\u0440\u0438\u043e\u0440\u0438\u0442\u0438\u0437\u0430\u0446\u0438\u044f. \u0414\u043e\u043a\u0443\u043c\u0435\u043d\u0442 \u043d\u043e\u0441\u0438\u0442 \u0438\u043d\u0444\u043e\u0440\u043c\u0430\u0446\u0438\u043e\u043d\u043d\u044b\u0439 \u0445\u0430\u0440\u0430\u043a\u0442\u0435\u0440 \u0438 \u043d\u0435 \u043e\u0431\u0440\u0430\u0437\u0443\u0435\u0442 \u043e\u0431\u044f\u0437\u0430\u0442\u0435\u043b\u044c\u0441\u0442\u0432; \u0444\u0430\u043a\u0442\u0438\u0447\u0435\u0441\u043a\u0438\u0439 \u0433\u0440\u0430\u0444\u0438\u043a \u0437\u0430\u0432\u0438\u0441\u0438\u0442 \u043e\u0442 \u0430\u0443\u0434\u0438\u0442\u0430\/\u043a\u043e\u043c\u043f\u043b\u0430\u0435\u043d\u0441\u0430, \u0433\u043e\u0442\u043e\u0432\u043d\u043e\u0441\u0442\u0438 \u043f\u0430\u0440\u0442\u043d\u0451\u0440\u043e\u0432 \u0438 \u0434\u043e\u0441\u0442\u0443\u043f\u043d\u044b\u0445 \u0440\u0435\u0441\u0443\u0440\u0441\u043e\u0432. \u0421\u0442\u0440\u0430\u043d\u0438\u0446\u0430 \u0431\u0443\u0434\u0435\u0442 \u043e\u0431\u043d\u043e\u0432\u043b\u044f\u0442\u044c\u0441\u044f. 15.10.2025.","_links":{"self":[{"href":"https:\/\/medex.uno\/es\/wp-json\/wp\/v2\/pages\/388","targetHints":{"allow":["GET"]}}],"collection":[{"href":"https:\/\/medex.uno\/es\/wp-json\/wp\/v2\/pages"}],"about":[{"href":"https:\/\/medex.uno\/es\/wp-json\/wp\/v2\/types\/page"}],"author":[{"embeddable":true,"href":"https:\/\/medex.uno\/es\/wp-json\/wp\/v2\/users\/1"}],"replies":[{"embeddable":true,"href":"https:\/\/medex.uno\/es\/wp-json\/wp\/v2\/comments?post=388"}],"version-history":[{"count":7,"href":"https:\/\/medex.uno\/es\/wp-json\/wp\/v2\/pages\/388\/revisions"}],"predecessor-version":[{"id":754,"href":"https:\/\/medex.uno\/es\/wp-json\/wp\/v2\/pages\/388\/revisions\/754"}],"wp:attachment":[{"href":"https:\/\/medex.uno\/es\/wp-json\/wp\/v2\/media?parent=388"}],"curies":[{"name":"wp","href":"https:\/\/api.w.org\/{rel}","templated":true}]}}