{"id":413,"date":"2025-08-17T22:07:56","date_gmt":"2025-08-17T22:07:56","guid":{"rendered":"https:\/\/medex.uno\/disclaimer-2\/"},"modified":"2025-08-25T00:09:04","modified_gmt":"2025-08-25T00:09:04","slug":"descargo-de-responsabilidad","status":"publish","type":"page","link":"https:\/\/medex.uno\/es\/disclaimer\/","title":{"rendered":"Descargo de responsabilidad"},"content":{"rendered":"<!-- Legal document generated by Complianz | GDPR\/CCPA Cookie Consent https:\/\/wordpress.org\/plugins\/complianz-gdpr -->\n<div id=\"cmplz-document\" class=\"cmplz-document disclaimer cmplz-document-all\"><p>MEDEX se compromete a mantener este sitio web actualizado y preciso. No obstante, si encuentra alg\u00fan dato incorrecto o no actualizado, le agradecer\u00edamos que nos lo comunicara. Por favor, indique en qu\u00e9 parte del sitio web ha le\u00eddo la informaci\u00f3n. La revisaremos lo antes posible. Env\u00edenos su respuesta por correo electr\u00f3nico a: <span class=\"cmplz-obfuscate\">i&#110;&#102;&#111;@<span class=\"cmplz-fmail-domain\">ex.com<\/span>me&#100;ex&#046;&#117;&#110;o<\/span>.<\/p><p>No nos hacemos responsables de las p\u00e9rdidas derivadas de inexactitudes o datos incompletos, ni de las p\u00e9rdidas resultantes de problemas causados o inherentes a la difusi\u00f3n de informaci\u00f3n a trav\u00e9s de Internet, como perturbaciones o interrupciones. Al utilizar formularios web, nos esforzamos por limitar al m\u00ednimo el n\u00famero de campos obligatorios. MEDEX no se hace responsable de ninguna p\u00e9rdida sufrida como resultado del uso de datos, consejos o ideas proporcionados por o en nombre de MEDEX a trav\u00e9s de este sitio web.<\/p><p>El uso del sitio web y de todos sus componentes (incluidos los foros) est\u00e1 sujeto a lo siguiente <a href=\"https:\/\/medex.uno\/es\/terminos\/\" target=\"_blank\">condiciones de uso<\/a>. El mero uso de este sitio web implica el conocimiento y la aceptaci\u00f3n de estas condiciones de uso.<\/p><p>Cualquier dato personal que nos proporcione en el contexto de su respuesta o solicitud de informaci\u00f3n s\u00f3lo se utilizar\u00e1 de acuerdo con nuestra declaraci\u00f3n de privacidad.<\/p><p>MEDEX har\u00e1 todos los esfuerzos razonables para proteger sus sistemas contra cualquier forma de uso il\u00edcito. A tal fin, MEDEX aplicar\u00e1 las medidas t\u00e9cnicas y organizativas adecuadas, teniendo en cuenta, entre otras cosas, el estado de la t\u00e9cnica. No obstante, no ser\u00e1 responsable de ning\u00fan perjuicio, directo y\/o indirecto, sufrido por un usuario del sitio web, que se derive del uso il\u00edcito de sus sistemas por parte de terceros.<\/p><p>MEDEX no acepta responsabilidad alguna por el contenido de los sitios web a los que o desde los que se haga un hiperv\u00ednculo u otra referencia. Los productos o servicios ofrecidos por terceros estar\u00e1n sujetos a los t\u00e9rminos y condiciones aplicables de dichos terceros.<\/p><p>Todos los derechos de propiedad intelectual sobre el contenido de este sitio web pertenecen a MEDEX o a terceros que han colocado el contenido ellos mismos o de quienes MEDEX ha obtenido una licencia de uso.<\/p><p>La copia, difusi\u00f3n y cualquier otro uso de estos materiales no est\u00e1 permitido sin el permiso por escrito de MEDEX, excepto y s\u00f3lo en la medida en que se estipule lo contrario en normas de derecho imperativo (como el derecho de cita), a menos que el contenido espec\u00edfico dicte lo contrario.<\/p><p>Si tiene alguna pregunta o problema con la accesibilidad del sitio web, no dude en ponerse en contacto con nosotros.<\/p><\/div>","protected":false},"excerpt":{"rendered":"","protected":false},"author":1,"featured_media":0,"parent":0,"menu_order":0,"comment_status":"closed","ping_status":"closed","template":"","meta":{"_uag_custom_page_level_css":"","site-sidebar-layout":"default","site-content-layout":"","ast-site-content-layout":"default","site-content-style":"default","site-sidebar-style":"default","ast-global-header-display":"","ast-banner-title-visibility":"","ast-main-header-display":"","ast-hfb-above-header-display":"","ast-hfb-below-header-display":"","ast-hfb-mobile-header-display":"","site-post-title":"","ast-breadcrumbs-content":"","ast-featured-img":"","footer-sml-layout":"","ast-disable-related-posts":"","theme-transparent-header-meta":"","adv-header-id-meta":"","stick-header-meta":"","header-above-stick-meta":"","header-main-stick-meta":"","header-below-stick-meta":"","astra-migrate-meta-layouts":"default","ast-page-background-enabled":"default","ast-page-background-meta":{"desktop":{"background-color":"var(--ast-global-color-5)","background-image":"","background-repeat":"repeat","background-position":"center center","background-size":"auto","background-attachment":"scroll","background-type":"","background-media":"","overlay-type":"","overlay-color":"","overlay-opacity":"","overlay-gradient":""},"tablet":{"background-color":"","background-image":"","background-repeat":"repeat","background-position":"center center","background-size":"auto","background-attachment":"scroll","background-type":"","background-media":"","overlay-type":"","overlay-color":"","overlay-opacity":"","overlay-gradient":""},"mobile":{"background-color":"","background-image":"","background-repeat":"repeat","background-position":"center center","background-size":"auto","background-attachment":"scroll","background-type":"","background-media":"","overlay-type":"","overlay-color":"","overlay-opacity":"","overlay-gradient":""}},"ast-content-background-meta":{"desktop":{"background-color":"var(--ast-global-color-4)","background-image":"","background-repeat":"repeat","background-position":"center center","background-size":"auto","background-attachment":"scroll","background-type":"","background-media":"","overlay-type":"","overlay-color":"","overlay-opacity":"","overlay-gradient":""},"tablet":{"background-color":"var(--ast-global-color-4)","background-image":"","background-repeat":"repeat","background-position":"center center","background-size":"auto","background-attachment":"scroll","background-type":"","background-media":"","overlay-type":"","overlay-color":"","overlay-opacity":"","overlay-gradient":""},"mobile":{"background-color":"var(--ast-global-color-4)","background-image":"","background-repeat":"repeat","background-position":"center center","background-size":"auto","background-attachment":"scroll","background-type":"","background-media":"","overlay-type":"","overlay-color":"","overlay-opacity":"","overlay-gradient":""}},"footnotes":""},"class_list":["post-413","page","type-page","status-publish","hentry"],"uagb_featured_image_src":{"full":false,"thumbnail":false,"medium":false,"medium_large":false,"large":false,"1536x1536":false,"2048x2048":false,"trp-custom-language-flag":false},"uagb_author_info":{"display_name":"medex.","author_link":"https:\/\/medex.uno\/es\/author\/medex-uno\/"},"uagb_comment_info":0,"uagb_excerpt":null,"_links":{"self":[{"href":"https:\/\/medex.uno\/es\/wp-json\/wp\/v2\/pages\/413","targetHints":{"allow":["GET"]}}],"collection":[{"href":"https:\/\/medex.uno\/es\/wp-json\/wp\/v2\/pages"}],"about":[{"href":"https:\/\/medex.uno\/es\/wp-json\/wp\/v2\/types\/page"}],"author":[{"embeddable":true,"href":"https:\/\/medex.uno\/es\/wp-json\/wp\/v2\/users\/1"}],"replies":[{"embeddable":true,"href":"https:\/\/medex.uno\/es\/wp-json\/wp\/v2\/comments?post=413"}],"version-history":[{"count":2,"href":"https:\/\/medex.uno\/es\/wp-json\/wp\/v2\/pages\/413\/revisions"}],"predecessor-version":[{"id":585,"href":"https:\/\/medex.uno\/es\/wp-json\/wp\/v2\/pages\/413\/revisions\/585"}],"wp:attachment":[{"href":"https:\/\/medex.uno\/es\/wp-json\/wp\/v2\/media?parent=413"}],"curies":[{"name":"wp","href":"https:\/\/api.w.org\/{rel}","templated":true}]}}