{"id":48,"date":"2025-06-12T22:41:24","date_gmt":"2025-06-12T22:41:24","guid":{"rendered":"https:\/\/medex.uno\/?page_id=48"},"modified":"2026-04-21T22:32:13","modified_gmt":"2026-04-21T22:32:13","slug":"%d0%b3%d0%bb%d0%b0%d0%b2%d0%bd%d0%b0%d1%8f","status":"publish","type":"page","link":"https:\/\/medex.uno\/es\/","title":{"rendered":"\u0413\u043b\u0430\u0432\u043d\u0430\u044f"},"content":{"rendered":"<div class=\"wp-block-group alignfull is-content-justification-center is-layout-constrained wp-block-group-is-layout-constrained\" style=\"margin-top:0;margin-bottom:0\">\n<div style=\"height:var(--wp--preset--spacing--20)\" aria-hidden=\"true\" class=\"wp-block-spacer\"><\/div>\n\n\n\n<div class=\"wp-block-group alignwide is-layout-flow wp-block-group-is-layout-flow\">\n<div class=\"wp-block-columns alignwide are-vertically-aligned-top is-layout-flex wp-container-core-columns-is-layout-5c8fb865 wp-block-columns-is-layout-flex\">\n<div class=\"wp-block-column is-vertically-aligned-top is-content-justification-left is-layout-constrained wp-container-core-column-is-layout-95996b15 wp-block-column-is-layout-constrained\">\n<h4 class=\"wp-block-heading has-text-align-right\">MEDEX.UNO - Medical Explorer - Descubre Nuevas Oportunidades. La plataforma est\u00e1 evolucionando - pronto ver\u00e1s m\u00e1s <\/h4>\n<\/div>\n\n\n\n<div class=\"wp-block-column is-vertically-aligned-top is-layout-flow wp-block-column-is-layout-flow\" style=\"flex-basis:40%\">\n<p class=\"has-text-align-left\">MEDEX combina medicina y blockchain para crear un nuevo sistema de valor del conocimiento. Aprende. Participa. Gana recompensas. S\u00e9 un explorador m\u00e9dico \u2014 descubre nuevas oportunidades!<\/p>\n\n\n\n<p><\/p>\n\n\n\n<div class=\"wp-block-buttons is-layout-flex wp-block-buttons-is-layout-flex\">\n<div class=\"wp-block-button\"><a class=\"wp-block-button__link wp-element-button\" href=\"https:\/\/medex.uno\/es\/acerca-de\/\">Explorar<\/a><\/div>\n<\/div>\n<\/div>\n<\/div>\n\n\n\n<div style=\"height:var(--wp--preset--spacing--20)\" aria-hidden=\"true\" class=\"wp-block-spacer\"><\/div>\n<\/div>\n\n\n\n<div style=\"height:var(--wp--preset--spacing--20)\" aria-hidden=\"true\" class=\"wp-block-spacer\"><\/div>\n\n\n\n<div class=\"wp-block-uagb-image aligncenter uagb-block-4facd32a wp-block-uagb-image--layout-default wp-block-uagb-image--effect-static wp-block-uagb-image--align-center\"><figure class=\"wp-block-uagb-image__figure\"><img decoding=\"async\" srcset=\"https:\/\/medex.uno\/wp-content\/uploads\/2026\/04\/IMG_7552-1024x683.png ,https:\/\/medex.uno\/wp-content\/uploads\/2026\/04\/IMG_7552.png 780w, https:\/\/medex.uno\/wp-content\/uploads\/2026\/04\/IMG_7552.png 360w\" sizes=\"auto, (max-width: 480px) 150px\" src=\"https:\/\/medex.uno\/wp-content\/uploads\/2026\/04\/IMG_7552-1024x683.png\" alt=\"\" class=\"uag-image-849\" width=\"1536\" height=\"1024\" title=\"IMG_7552\" loading=\"lazy\" role=\"img\"\/><\/figure><\/div>\n<\/div>\n\n\n\n<div class=\"wp-block-uagb-container uagb-block-120b34ea alignfull uagb-is-root-container\"><div class=\"uagb-container-inner-blocks-wrap\">\n<div class=\"wp-block-uagb-container uagb-block-1d117934\">\n<div class=\"wp-block-uagb-advanced-heading uagb-block-0d902d75\"><h4 class=\"uagb-heading-text\">Noticias y conocimientos pr\u00e1cticos<\/h4><\/div>\n\n\n\n<p>En este sitio encontrar\u00e1s las \u00faltimas novedades sobre ciencia, medicina, tecnolog\u00eda, nutrici\u00f3n y longevidad, todas enfocadas en mejorar tu calidad de vida. Reunimos las noticias m\u00e1s relevantes para ayudarte a comprender c\u00f3mo las decisiones de hoy est\u00e1n dando forma a la medicina del futuro y qu\u00e9 descubrimientos est\u00e1n realizando los cient\u00edficos en este momento. <\/p>\n<\/div>\n\n\n\n<div class=\"wp-block-uagb-container uagb-block-2efc300c\">\n<div class=\"wp-block-uagb-advanced-heading uagb-block-1d52852e\"><h4 class=\"uagb-heading-text\">Aprendizaje y pr\u00e1ctica<\/h4><\/div>\n\n\n\n<p>Creamos un programa de aprendizaje que convierte temas complejos en algo sencillo y atractivo. Los tests refuerzan lo aprendido, las simulaciones representan situaciones reales y el formato Verdadero o Falso permite distinguir r\u00e1pidamente los mitos de los hechos. Todo esto te ayuda a mejorar tu educaci\u00f3n en salud paso a paso.<\/p>\n<\/div>\n\n\n\n<div class=\"wp-block-uagb-container uagb-block-b4b5d7a2\">\n<div class=\"wp-block-uagb-advanced-heading uagb-block-e8aa62c3\"><h4 class=\"uagb-heading-text\">Recompensas y oportunidades<\/h4><\/div>\n\n\n\n<p>Recibes MEDEX por tu actividad en la plataforma: leer materiales, completar pruebas, participar en m\u00f3dulos de aprendizaje y otras acciones. Estas recompensas pueden usarse para descuentos, bonificaciones y acceso a funciones adicionales. Cada paso en tu educaci\u00f3n se convierte en una verdadera ventaja y aporta un beneficio visible.<\/p>\n<\/div>\n<\/div><\/div>\n\n\n\n<p><\/p>\n\n\n\n<div class=\"wp-block-uagb-separator uagb-block-ebe6d744\"><div class=\"wp-block-uagb-separator__inner\" style=\"--my-background-image:\"><\/div><\/div>\n\n\n\n<div class=\"wp-block-uagb-info-box uagb-block-632cdb70 uagb-infobox__content-wrap  uagb-infobox-icon-above-title uagb-infobox-image-valign-top\"><div class=\"uagb-ifb-content\"><div class=\"uagb-ifb-icon-wrap\"><svg xmlns=\"https:\/\/www.w3.org\/2000\/svg\" viewbox=\"0 0 512 512\"><path d=\"M0 256C0 114.6 114.6 0 256 0C397.4 0 512 114.6 512 256C512 397.4 397.4 512 256 512C114.6 512 0 397.4 0 256zM371.8 211.8C382.7 200.9 382.7 183.1 371.8 172.2C360.9 161.3 343.1 161.3 332.2 172.2L224 280.4L179.8 236.2C168.9 225.3 151.1 225.3 140.2 236.2C129.3 247.1 129.3 264.9 140.2 275.8L204.2 339.8C215.1 350.7 232.9 350.7 243.8 339.8L371.8 211.8z\"><\/path><\/svg><\/div><div class=\"uagb-ifb-title-wrap\"><h3 class=\"uagb-ifb-title\">\u00a1Bienvenidos!<\/h3><\/div><p class=\"uagb-ifb-desc\">El sitio est\u00e1 en desarrollo activo, pero ya hoy puedes registrarte y formar parte del equipo de los primeros usuarios.<br><br><br>Registrarse te da acceso a probar la plataforma: pronto podr\u00e1s estudiar materiales, recibir formaci\u00f3n y ganar tus primeras recompensas en puntos MEDEX. Estos puntos son tuyos y ser\u00e1n a\u00fan m\u00e1s valiosos en el futuro, cuando el proyecto est\u00e9 plenamente operativo.<br><br><br>Al convertirte en tester, no solo obtienes beneficios antes que los dem\u00e1s, sino que tambi\u00e9n nos ayudas a mejorar la plataforma. Cada paso que das es una contribuci\u00f3n a la creaci\u00f3n de una comunidad donde el conocimiento sobre la medicina y la salud sea accesible para todos.<br><\/p><\/div><\/div>\n\n\n\n<p><\/p>","protected":false},"excerpt":{"rendered":"<p>MEDEX.UNO &#8212; Medical Explorer &#8212; Unlock New Opportunities. \u041f\u043b\u0430\u0442\u0444\u043e\u0440\u043c\u0430 \u0440\u0430\u0437\u0432\u0438\u0432\u0430\u0435\u0442\u0441\u044f &#8212; \u0441\u043a\u043e\u0440\u043e \u0442\u044b \u0443\u0432\u0438\u0434\u0438\u0448\u044c \u0431\u043e\u043b\u044c\u0448\u0435. MEDEX \u043e\u0431\u044a\u0435\u0434\u0438\u043d\u044f\u0435\u0442 \u043c\u0435\u0434\u0438\u0446\u0438\u043d\u0443 \u0438 \u0431\u043b\u043e\u043a\u0447\u0435\u0439\u043d, \u0441\u043e\u0437\u0434\u0430\u0432\u0430\u044f \u043d\u043e\u0432\u0443\u044e \u0441\u0438\u0441\u0442\u0435\u043c\u0443 \u0446\u0435\u043d\u043d\u043e\u0441\u0442\u0438 \u0437\u043d\u0430\u043d\u0438\u0439. \u0418\u0437\u0443\u0447\u0430\u0439. \u0423\u0447\u0430\u0441\u0442\u0432\u0443\u0439. \u041f\u043e\u043b\u0443\u0447\u0430\u0439 \u0432\u043e\u0437\u043d\u0430\u0433\u0440\u0430\u0436\u0434\u0435\u043d\u0438\u044f. \u0422\u0432\u043e\u0439 \u043c\u0435\u0434\u0438\u0446\u0438\u043d\u0441\u043a\u0438\u0439 \u0438\u0441\u0441\u043b\u0435\u0434\u043e\u0432\u0430\u0442\u0435\u043b\u044c &#8212; \u043e\u0442\u043a\u0440\u043e\u0439 \u043d\u043e\u0432\u044b\u0435 \u0432\u043e\u0437\u043c\u043e\u0436\u043d\u043e\u0441\u0442\u0438! \u041d\u043e\u0432\u043e\u0441\u0442\u0438 \u0438 \u0437\u043d\u0430\u043d\u0438\u044f \u041d\u0430 \u0441\u0430\u0439\u0442\u0435 \u0432\u044b \u043d\u0430\u0439\u0434\u0451\u0442\u0435 \u0441\u0432\u0435\u0436\u0438\u0435 \u043c\u0430\u0442\u0435\u0440\u0438\u0430\u043b\u044b \u043e \u043d\u0430\u0443\u043a\u0435, \u043c\u0435\u0434\u0438\u0446\u0438\u043d\u0435, \u0442\u0435\u0445\u043d\u043e\u043b\u043e\u0433\u0438\u044f\u0445, \u043f\u0440\u0430\u0432\u0438\u043b\u044c\u043d\u043e\u043c \u043f\u0438\u0442\u0430\u043d\u0438\u0438, \u0434\u043e\u043b\u0433\u043e\u043b\u0435\u0442\u0438\u0438 \u0438 \u043e \u0442\u043e\u043c [&hellip;]<\/p>\n","protected":false},"author":1,"featured_media":0,"parent":0,"menu_order":0,"comment_status":"closed","ping_status":"closed","template":"","meta":{"_uag_custom_page_level_css":"","site-sidebar-layout":"default","site-content-layout":"","ast-site-content-layout":"","site-content-style":"default","site-sidebar-style":"default","ast-global-header-display":"","ast-banner-title-visibility":"","ast-main-header-display":"","ast-hfb-above-header-display":"","ast-hfb-below-header-display":"","ast-hfb-mobile-header-display":"","site-post-title":"disabled","ast-breadcrumbs-content":"","ast-featured-img":"","footer-sml-layout":"","ast-disable-related-posts":"","theme-transparent-header-meta":"","adv-header-id-meta":"","stick-header-meta":"","header-above-stick-meta":"","header-main-stick-meta":"","header-below-stick-meta":"","astra-migrate-meta-layouts":"default","ast-page-background-enabled":"default","ast-page-background-meta":{"desktop":{"background-color":"var(--ast-global-color-5)","background-image":"","background-repeat":"repeat","background-position":"center center","background-size":"auto","background-attachment":"scroll","background-type":"","background-media":"","overlay-type":"","overlay-color":"","overlay-opacity":"","overlay-gradient":""},"tablet":{"background-color":"","background-image":"","background-repeat":"repeat","background-position":"center center","background-size":"auto","background-attachment":"scroll","background-type":"","background-media":"","overlay-type":"","overlay-color":"","overlay-opacity":"","overlay-gradient":""},"mobile":{"background-color":"","background-image":"","background-repeat":"repeat","background-position":"center center","background-size":"auto","background-attachment":"scroll","background-type":"","background-media":"","overlay-type":"","overlay-color":"","overlay-opacity":"","overlay-gradient":""}},"ast-content-background-meta":{"desktop":{"background-color":"var(--ast-global-color-4)","background-image":"","background-repeat":"repeat","background-position":"center center","background-size":"auto","background-attachment":"scroll","background-type":"","background-media":"","overlay-type":"","overlay-color":"","overlay-opacity":"","overlay-gradient":""},"tablet":{"background-color":"var(--ast-global-color-4)","background-image":"","background-repeat":"repeat","background-position":"center center","background-size":"auto","background-attachment":"scroll","background-type":"","background-media":"","overlay-type":"","overlay-color":"","overlay-opacity":"","overlay-gradient":""},"mobile":{"background-color":"var(--ast-global-color-4)","background-image":"","background-repeat":"repeat","background-position":"center center","background-size":"auto","background-attachment":"scroll","background-type":"","background-media":"","overlay-type":"","overlay-color":"","overlay-opacity":"","overlay-gradient":""}},"footnotes":""},"class_list":["post-48","page","type-page","status-publish","hentry"],"uagb_featured_image_src":{"full":false,"thumbnail":false,"medium":false,"medium_large":false,"large":false,"1536x1536":false,"2048x2048":false,"trp-custom-language-flag":false},"uagb_author_info":{"display_name":"medex.","author_link":"https:\/\/medex.uno\/es\/author\/medex-uno\/"},"uagb_comment_info":0,"uagb_excerpt":"MEDEX.UNO &#8212; Medical Explorer &#8212; Unlock New Opportunities. \u041f\u043b\u0430\u0442\u0444\u043e\u0440\u043c\u0430 \u0440\u0430\u0437\u0432\u0438\u0432\u0430\u0435\u0442\u0441\u044f &#8212; \u0441\u043a\u043e\u0440\u043e \u0442\u044b \u0443\u0432\u0438\u0434\u0438\u0448\u044c \u0431\u043e\u043b\u044c\u0448\u0435. MEDEX \u043e\u0431\u044a\u0435\u0434\u0438\u043d\u044f\u0435\u0442 \u043c\u0435\u0434\u0438\u0446\u0438\u043d\u0443 \u0438 \u0431\u043b\u043e\u043a\u0447\u0435\u0439\u043d, \u0441\u043e\u0437\u0434\u0430\u0432\u0430\u044f \u043d\u043e\u0432\u0443\u044e \u0441\u0438\u0441\u0442\u0435\u043c\u0443 \u0446\u0435\u043d\u043d\u043e\u0441\u0442\u0438 \u0437\u043d\u0430\u043d\u0438\u0439. \u0418\u0437\u0443\u0447\u0430\u0439. \u0423\u0447\u0430\u0441\u0442\u0432\u0443\u0439. \u041f\u043e\u043b\u0443\u0447\u0430\u0439 \u0432\u043e\u0437\u043d\u0430\u0433\u0440\u0430\u0436\u0434\u0435\u043d\u0438\u044f. \u0422\u0432\u043e\u0439 \u043c\u0435\u0434\u0438\u0446\u0438\u043d\u0441\u043a\u0438\u0439 \u0438\u0441\u0441\u043b\u0435\u0434\u043e\u0432\u0430\u0442\u0435\u043b\u044c &#8212; \u043e\u0442\u043a\u0440\u043e\u0439 \u043d\u043e\u0432\u044b\u0435 \u0432\u043e\u0437\u043c\u043e\u0436\u043d\u043e\u0441\u0442\u0438! \u041d\u043e\u0432\u043e\u0441\u0442\u0438 \u0438 \u0437\u043d\u0430\u043d\u0438\u044f \u041d\u0430 \u0441\u0430\u0439\u0442\u0435 \u0432\u044b \u043d\u0430\u0439\u0434\u0451\u0442\u0435 \u0441\u0432\u0435\u0436\u0438\u0435 \u043c\u0430\u0442\u0435\u0440\u0438\u0430\u043b\u044b \u043e \u043d\u0430\u0443\u043a\u0435, \u043c\u0435\u0434\u0438\u0446\u0438\u043d\u0435, \u0442\u0435\u0445\u043d\u043e\u043b\u043e\u0433\u0438\u044f\u0445, \u043f\u0440\u0430\u0432\u0438\u043b\u044c\u043d\u043e\u043c \u043f\u0438\u0442\u0430\u043d\u0438\u0438, \u0434\u043e\u043b\u0433\u043e\u043b\u0435\u0442\u0438\u0438 \u0438 \u043e \u0442\u043e\u043c&hellip;","_links":{"self":[{"href":"https:\/\/medex.uno\/es\/wp-json\/wp\/v2\/pages\/48","targetHints":{"allow":["GET"]}}],"collection":[{"href":"https:\/\/medex.uno\/es\/wp-json\/wp\/v2\/pages"}],"about":[{"href":"https:\/\/medex.uno\/es\/wp-json\/wp\/v2\/types\/page"}],"author":[{"embeddable":true,"href":"https:\/\/medex.uno\/es\/wp-json\/wp\/v2\/users\/1"}],"replies":[{"embeddable":true,"href":"https:\/\/medex.uno\/es\/wp-json\/wp\/v2\/comments?post=48"}],"version-history":[{"count":26,"href":"https:\/\/medex.uno\/es\/wp-json\/wp\/v2\/pages\/48\/revisions"}],"predecessor-version":[{"id":854,"href":"https:\/\/medex.uno\/es\/wp-json\/wp\/v2\/pages\/48\/revisions\/854"}],"wp:attachment":[{"href":"https:\/\/medex.uno\/es\/wp-json\/wp\/v2\/media?parent=48"}],"curies":[{"name":"wp","href":"https:\/\/api.w.org\/{rel}","templated":true}]}}