{"id":61,"date":"2025-06-12T23:17:11","date_gmt":"2025-06-12T23:17:11","guid":{"rendered":"https:\/\/medex.uno\/?page_id=61"},"modified":"2025-12-11T23:53:18","modified_gmt":"2025-12-11T23:53:18","slug":"acerca-de","status":"publish","type":"page","link":"https:\/\/medex.uno\/es\/about\/","title":{"rendered":"Proyecto"},"content":{"rendered":"<div class=\"wp-block-uagb-container uagb-block-654d7628 alignfull uagb-is-root-container\"><div class=\"uagb-container-inner-blocks-wrap\">\n<div class=\"wp-block-uagb-container uagb-block-624c2c7c\">\n<div class=\"wp-block-uagb-advanced-heading uagb-block-b71c0452\"><h3 class=\"uagb-heading-text\">Acerca de MEDEX<\/h3><\/div>\n\n\n\n<p><strong>Medical Explorer<\/strong> - es un proyecto sobre salud, conocimiento y oportunidades. Creemos que todas las personas, independientemente de su nacionalidad, estatus social o nivel educativo, deben tener acceso a conocimientos que ayuden a mantener la salud y mejorar la calidad de vida. El proyecto naci\u00f3 con el objetivo de cerrar la brecha entre el r\u00e1pido progreso de la ciencia y la vida cotidiana de las personas.<\/p>\n\n\n\n<p><strong>Problema<\/strong><\/p>\n\n\n\n<p>Hoy en d\u00eda, el mundo se enfrenta a una paradoja: aunque la medicina moderna avanza r\u00e1pidamente, millones de personas siguen sin tener acceso a conocimientos y asistencia b\u00e1sicos. El alto costo de la atenci\u00f3n m\u00e9dica y la educaci\u00f3n, la falta de especialistas en muchas regiones y el bajo nivel de alfabetizaci\u00f3n m\u00e9dica hacen que la gente no sepa c\u00f3mo actuar en situaciones cr\u00edticas. Estas carencias cuestan muchas vidas cada d\u00eda.<\/p>\n\n\n\n<p><strong>Nuestra misi\u00f3n<\/strong><\/p>\n\n\n\n<p><strong>MEDEX<\/strong> fue creado para cambiar esta situaci\u00f3n. Nuestro objetivo es hacer que el conocimiento m\u00e9dico sea accesible para todos \u2014 en un lenguaje sencillo, en un formato pr\u00e1ctico y utilizando tecnolog\u00eda moderna. \nC\u00f3mo lo hacemos: fichas y pruebas educativas, simulaciones y escenarios interactivos, y un sistema de recompensas basado en juegos. <strong>MEDEX<\/strong>. <a href=\"https:\/\/medex.uno\/es\/marketplace\/\" data-type=\"page\" data-id=\"478\">Mercado<\/a> con productos y servicios de confianza. Una comunidad para compartir experiencias y brindar apoyo.<\/p>\n\n\n\n<p><strong>Tecnolog\u00edas del futuro<\/strong><\/p>\n\n\n\n<p><strong>MEDEX<\/strong> - no es solo una plataforma educativa, sino un ecosistema innovador. Implementamos blockchain para la transparencia y la confianza, logros NFT como recompensas digitales \u00fanicas y gobernanza mediante votaci\u00f3n basada en tokens <strong>MEDEX<\/strong> para gestionar el desarrollo del proyecto y su propia token\u00f3mica, donde MEDEX se utiliza como recompensa por el aprendizaje, la participaci\u00f3n y las compras.<\/p>\n\n\n\n<p>Creemos que el conocimiento y la tecnolog\u00eda salvan vidas. MEDEX es un movimiento por la salud, la alfabetizaci\u00f3n y el futuro. Conozca m\u00e1s sobre la filosof\u00eda y los valores del proyecto <a href=\"https:\/\/medex.uno\/es\/mision\/\" data-type=\"page\" data-id=\"390\">lea m\u00e1s en la secci\u00f3n Misi\u00f3n MEDEX<\/a>.\"<\/p>\n<\/div>\n<\/div><\/div>\n\n\n\n<p><\/p>","protected":false},"excerpt":{"rendered":"<p>\u041e \u043f\u0440\u043e\u0435\u043a\u0442\u0435 MEDEX Medical Explorer \u2014 \u044d\u0442\u043e \u043f\u0440\u043e\u0435\u043a\u0442 \u043e \u0437\u0434\u043e\u0440\u043e\u0432\u044c\u0435, \u0437\u043d\u0430\u043d\u0438\u044f\u0445 \u0438 \u0432\u043e\u0437\u043c\u043e\u0436\u043d\u043e\u0441\u0442\u044f\u0445. \u041c\u044b \u0432\u0435\u0440\u0438\u043c, \u0447\u0442\u043e \u043a\u0430\u0436\u0434\u044b\u0439 \u0447\u0435\u043b\u043e\u0432\u0435\u043a, \u043d\u0435\u0437\u0430\u0432\u0438\u0441\u0438\u043c\u043e \u043e\u0442 \u0441\u0432\u043e\u0435\u0439 \u043d\u0430\u0446\u0438\u043e\u043d\u0430\u043b\u044c\u043d\u043e\u0441\u0442\u0438, \u0441\u043e\u0446\u0438\u0430\u043b\u044c\u043d\u043e\u0433\u043e \u0441\u0442\u0430\u0442\u0443\u0441\u0430 \u0438\u043b\u0438 \u0443\u0440\u043e\u0432\u043d\u044f \u043e\u0431\u0440\u0430\u0437\u043e\u0432\u0430\u043d\u0438\u044f, \u0434\u043e\u043b\u0436\u0435\u043d \u0438\u043c\u0435\u0442\u044c \u0434\u043e\u0441\u0442\u0443\u043f \u043a \u0437\u043d\u0430\u043d\u0438\u044f\u043c, \u043a\u043e\u0442\u043e\u0440\u044b\u0435 \u043f\u043e\u043c\u043e\u0433\u0430\u044e\u0442 \u0441\u043e\u0445\u0440\u0430\u043d\u044f\u0442\u044c \u0437\u0434\u043e\u0440\u043e\u0432\u044c\u0435 \u0438 \u0443\u043b\u0443\u0447\u0448\u0430\u0442\u044c \u043a\u0430\u0447\u0435\u0441\u0442\u0432\u043e \u0436\u0438\u0437\u043d\u0438. \u041f\u0440\u043e\u0435\u043a\u0442 &#171;\u0440\u043e\u0436\u0434\u0435\u043d&#187; \u0438\u0437 \u0436\u0435\u043b\u0430\u043d\u0438\u044f \u0441\u043e\u043a\u0440\u0430\u0442\u0438\u0442\u044c \u043f\u0440\u043e\u043f\u0430\u0441\u0442\u044c \u043c\u0435\u0436\u0434\u0443 \u0441\u0442\u0440\u0435\u043c\u0438\u0442\u0435\u043b\u044c\u043d\u044b\u043c \u043f\u0440\u043e\u0433\u0440\u0435\u0441\u0441\u043e\u043c \u043d\u0430\u0443\u043a\u0438 \u0438 \u0440\u0435\u0430\u043b\u044c\u043d\u043e\u0439 \u0436\u0438\u0437\u043d\u044c\u044e \u043b\u044e\u0434\u0435\u0439. \u041f\u0440\u043e\u0431\u043b\u0435\u043c\u0430 [&hellip;]<\/p>\n","protected":false},"author":1,"featured_media":0,"parent":0,"menu_order":0,"comment_status":"closed","ping_status":"closed","template":"","meta":{"_uag_custom_page_level_css":"","site-sidebar-layout":"default","site-content-layout":"","ast-site-content-layout":"default","site-content-style":"default","site-sidebar-style":"default","ast-global-header-display":"","ast-banner-title-visibility":"","ast-main-header-display":"","ast-hfb-above-header-display":"","ast-hfb-below-header-display":"","ast-hfb-mobile-header-display":"","site-post-title":"disabled","ast-breadcrumbs-content":"","ast-featured-img":"","footer-sml-layout":"","ast-disable-related-posts":"","theme-transparent-header-meta":"","adv-header-id-meta":"","stick-header-meta":"","header-above-stick-meta":"","header-main-stick-meta":"","header-below-stick-meta":"","astra-migrate-meta-layouts":"default","ast-page-background-enabled":"default","ast-page-background-meta":{"desktop":{"background-color":"var(--ast-global-color-5)","background-image":"","background-repeat":"repeat","background-position":"center center","background-size":"auto","background-attachment":"scroll","background-type":"","background-media":"","overlay-type":"","overlay-color":"","overlay-opacity":"","overlay-gradient":""},"tablet":{"background-color":"","background-image":"","background-repeat":"repeat","background-position":"center center","background-size":"auto","background-attachment":"scroll","background-type":"","background-media":"","overlay-type":"","overlay-color":"","overlay-opacity":"","overlay-gradient":""},"mobile":{"background-color":"","background-image":"","background-repeat":"repeat","background-position":"center center","background-size":"auto","background-attachment":"scroll","background-type":"","background-media":"","overlay-type":"","overlay-color":"","overlay-opacity":"","overlay-gradient":""}},"ast-content-background-meta":{"desktop":{"background-color":"var(--ast-global-color-4)","background-image":"","background-repeat":"repeat","background-position":"center center","background-size":"auto","background-attachment":"scroll","background-type":"","background-media":"","overlay-type":"","overlay-color":"","overlay-opacity":"","overlay-gradient":""},"tablet":{"background-color":"var(--ast-global-color-4)","background-image":"","background-repeat":"repeat","background-position":"center center","background-size":"auto","background-attachment":"scroll","background-type":"","background-media":"","overlay-type":"","overlay-color":"","overlay-opacity":"","overlay-gradient":""},"mobile":{"background-color":"var(--ast-global-color-4)","background-image":"","background-repeat":"repeat","background-position":"center center","background-size":"auto","background-attachment":"scroll","background-type":"","background-media":"","overlay-type":"","overlay-color":"","overlay-opacity":"","overlay-gradient":""}},"footnotes":""},"class_list":["post-61","page","type-page","status-publish","hentry"],"uagb_featured_image_src":{"full":false,"thumbnail":false,"medium":false,"medium_large":false,"large":false,"1536x1536":false,"2048x2048":false,"trp-custom-language-flag":false},"uagb_author_info":{"display_name":"medex.","author_link":"https:\/\/medex.uno\/es\/author\/medex-uno\/"},"uagb_comment_info":0,"uagb_excerpt":"\u041e \u043f\u0440\u043e\u0435\u043a\u0442\u0435 MEDEX Medical Explorer \u2014 \u044d\u0442\u043e \u043f\u0440\u043e\u0435\u043a\u0442 \u043e \u0437\u0434\u043e\u0440\u043e\u0432\u044c\u0435, \u0437\u043d\u0430\u043d\u0438\u044f\u0445 \u0438 \u0432\u043e\u0437\u043c\u043e\u0436\u043d\u043e\u0441\u0442\u044f\u0445. \u041c\u044b \u0432\u0435\u0440\u0438\u043c, \u0447\u0442\u043e \u043a\u0430\u0436\u0434\u044b\u0439 \u0447\u0435\u043b\u043e\u0432\u0435\u043a, \u043d\u0435\u0437\u0430\u0432\u0438\u0441\u0438\u043c\u043e \u043e\u0442 \u0441\u0432\u043e\u0435\u0439 \u043d\u0430\u0446\u0438\u043e\u043d\u0430\u043b\u044c\u043d\u043e\u0441\u0442\u0438, \u0441\u043e\u0446\u0438\u0430\u043b\u044c\u043d\u043e\u0433\u043e \u0441\u0442\u0430\u0442\u0443\u0441\u0430 \u0438\u043b\u0438 \u0443\u0440\u043e\u0432\u043d\u044f \u043e\u0431\u0440\u0430\u0437\u043e\u0432\u0430\u043d\u0438\u044f, \u0434\u043e\u043b\u0436\u0435\u043d \u0438\u043c\u0435\u0442\u044c \u0434\u043e\u0441\u0442\u0443\u043f \u043a \u0437\u043d\u0430\u043d\u0438\u044f\u043c, \u043a\u043e\u0442\u043e\u0440\u044b\u0435 \u043f\u043e\u043c\u043e\u0433\u0430\u044e\u0442 \u0441\u043e\u0445\u0440\u0430\u043d\u044f\u0442\u044c \u0437\u0434\u043e\u0440\u043e\u0432\u044c\u0435 \u0438 \u0443\u043b\u0443\u0447\u0448\u0430\u0442\u044c \u043a\u0430\u0447\u0435\u0441\u0442\u0432\u043e \u0436\u0438\u0437\u043d\u0438. \u041f\u0440\u043e\u0435\u043a\u0442 &#171;\u0440\u043e\u0436\u0434\u0435\u043d&#187; \u0438\u0437 \u0436\u0435\u043b\u0430\u043d\u0438\u044f \u0441\u043e\u043a\u0440\u0430\u0442\u0438\u0442\u044c \u043f\u0440\u043e\u043f\u0430\u0441\u0442\u044c \u043c\u0435\u0436\u0434\u0443 \u0441\u0442\u0440\u0435\u043c\u0438\u0442\u0435\u043b\u044c\u043d\u044b\u043c \u043f\u0440\u043e\u0433\u0440\u0435\u0441\u0441\u043e\u043c \u043d\u0430\u0443\u043a\u0438 \u0438 \u0440\u0435\u0430\u043b\u044c\u043d\u043e\u0439 \u0436\u0438\u0437\u043d\u044c\u044e \u043b\u044e\u0434\u0435\u0439. \u041f\u0440\u043e\u0431\u043b\u0435\u043c\u0430&hellip;","_links":{"self":[{"href":"https:\/\/medex.uno\/es\/wp-json\/wp\/v2\/pages\/61","targetHints":{"allow":["GET"]}}],"collection":[{"href":"https:\/\/medex.uno\/es\/wp-json\/wp\/v2\/pages"}],"about":[{"href":"https:\/\/medex.uno\/es\/wp-json\/wp\/v2\/types\/page"}],"author":[{"embeddable":true,"href":"https:\/\/medex.uno\/es\/wp-json\/wp\/v2\/users\/1"}],"replies":[{"embeddable":true,"href":"https:\/\/medex.uno\/es\/wp-json\/wp\/v2\/comments?post=61"}],"version-history":[{"count":7,"href":"https:\/\/medex.uno\/es\/wp-json\/wp\/v2\/pages\/61\/revisions"}],"predecessor-version":[{"id":664,"href":"https:\/\/medex.uno\/es\/wp-json\/wp\/v2\/pages\/61\/revisions\/664"}],"wp:attachment":[{"href":"https:\/\/medex.uno\/es\/wp-json\/wp\/v2\/media?parent=61"}],"curies":[{"name":"wp","href":"https:\/\/api.w.org\/{rel}","templated":true}]}}