{"id":98,"date":"2025-06-21T21:42:41","date_gmt":"2025-06-21T21:42:41","guid":{"rendered":"https:\/\/medex.uno\/?page_id=98"},"modified":"2025-10-09T00:26:02","modified_gmt":"2025-10-09T00:26:02","slug":"pongase-en-contacto-con","status":"publish","type":"page","link":"https:\/\/medex.uno\/es\/contact\/","title":{"rendered":"Contacto"},"content":{"rendered":"\n<div class=\"wp-block-uagb-advanced-heading uagb-block-3c58023f\"><h4 class=\"uagb-heading-text\">\u0415\u0441\u0442\u044c \u0438\u0434\u0435\u044f, \u0432\u043e\u043f\u0440\u043e\u0441 \u0438\u043b\u0438 \u043f\u0440\u0435\u0434\u043b\u043e\u0436\u0435\u043d\u0438\u0435?<\/h4><\/div>\n\n\n\n<p><\/p>\n\n\n\n<p>\u0421\u0432\u044f\u0436\u0438\u0442\u0435\u0441\u044c \u0441 \u043a\u043e\u043c\u0430\u043d\u0434\u043e\u0439 MEDEX \u2014 \u043c\u044b \u0432\u043d\u0438\u043c\u0430\u0442\u0435\u043b\u044c\u043d\u043e \u043e\u0442\u043d\u043e\u0441\u0438\u043c\u0441\u044f \u043a \u043a\u0430\u0436\u0434\u043e\u043c\u0443 \u0441\u043e\u043e\u0431\u0449\u0435\u043d\u0438\u044e \u0438 \u043d\u0430\u043f\u0440\u0430\u0432\u043b\u044f\u0435\u043c \u0435\u0433\u043e \u043d\u0443\u0436\u043d\u043e\u043c\u0443 \u0441\u043f\u0435\u0446\u0438\u0430\u043b\u0438\u0441\u0442\u0443. \u0427\u0442\u043e\u0431\u044b \u0443\u0441\u043a\u043e\u0440\u0438\u0442\u044c \u043e\u0442\u0432\u0435\u0442, \u043a\u0440\u0430\u0442\u043a\u043e \u043e\u043f\u0438\u0448\u0438\u0442\u0435 \u0441\u0443\u0442\u044c \u0432\u043e\u043f\u0440\u043e\u0441\u0430 \u0438, \u043f\u0440\u0438 \u043d\u0435\u043e\u0431\u0445\u043e\u0434\u0438\u043c\u043e\u0441\u0442\u0438, \u0434\u043e\u0431\u0430\u0432\u044c\u0442\u0435 \u0441\u0441\u044b\u043b\u043a\u0438 \u043d\u0430 \u043c\u0430\u0442\u0435\u0440\u0438\u0430\u043b\u044b. \u041c\u044b \u043e\u0431\u044b\u0447\u043d\u043e \u043e\u0442\u0432\u0435\u0447\u0430\u0435\u043c \u0432 \u0442\u0435\u0447\u0435\u043d\u0438\u0435 24\u201348 \u0447\u0430\u0441\u043e\u0432 \u0432 \u0440\u0430\u0431\u043e\u0447\u0438\u0435 \u0434\u043d\u0438; \u043d\u0430 \u0432\u044b\u0445\u043e\u0434\u043d\u044b\u0445 \u0438 \u043f\u0440\u0438 \u0441\u043b\u043e\u0436\u043d\u044b\u0445 \u0437\u0430\u043f\u0440\u043e\u0441\u0430\u0445 \u0441\u0440\u043e\u043a \u043c\u043e\u0436\u0435\u0442 \u0431\u044b\u0442\u044c \u0434\u043e\u043b\u044c\u0448\u0435.<br><br>\u0412\u0430\u0436\u043d\u043e: MEDEX \u043d\u0435 \u043f\u0440\u0435\u0434\u043e\u0441\u0442\u0430\u0432\u043b\u044f\u0435\u0442 \u043f\u0435\u0440\u0441\u043e\u043d\u0430\u043b\u044c\u043d\u044b\u0445 \u043c\u0435\u0434\u0438\u0446\u0438\u043d\u0441\u043a\u0438\u0445 \u0440\u0435\u043a\u043e\u043c\u0435\u043d\u0434\u0430\u0446\u0438\u0439. \u0412 \u044d\u043a\u0441\u0442\u0440\u0435\u043d\u043d\u044b\u0445 \u0441\u0438\u0442\u0443\u0430\u0446\u0438\u044f\u0445 \u043e\u0431\u0440\u0430\u0449\u0430\u0439\u0442\u0435\u0441\u044c \u0432 \u043c\u0435\u0441\u0442\u043d\u044b\u0435 \u0441\u043b\u0443\u0436\u0431\u044b \u044d\u043a\u0441\u0442\u0440\u0435\u043d\u043d\u043e\u0439 \u043f\u043e\u043c\u043e\u0449\u0438.<br><br>\u041e\u0442\u043f\u0440\u0430\u0432\u043b\u044f\u044f \u0444\u043e\u0440\u043c\u0443, \u0432\u044b \u043f\u0440\u0438\u043d\u0438\u043c\u0430\u0435\u0442\u0435 \u041f\u043e\u043b\u0438\u0442\u0438\u043a\u0443 \u043a\u043e\u043d\u0444\u0438\u0434\u0435\u043d\u0446\u0438\u0430\u043b\u044c\u043d\u043e\u0441\u0442\u0438. \u0412\u0430\u0448\u0438 \u0434\u0430\u043d\u043d\u044b\u0435 \u0438\u0441\u043f\u043e\u043b\u044c\u0437\u0443\u044e\u0442\u0441\u044f \u0442\u043e\u043b\u044c\u043a\u043e \u0434\u043b\u044f \u043e\u0431\u0440\u0430\u0431\u043e\u0442\u043a\u0438 \u0437\u0430\u043f\u0440\u043e\u0441\u0430 \u0438 \u043d\u0435 \u043f\u0435\u0440\u0435\u0434\u0430\u044e\u0442\u0441\u044f \u0442\u0440\u0435\u0442\u044c\u0438\u043c \u043b\u0438\u0446\u0430\u043c \u0431\u0435\u0437 \u0437\u0430\u043a\u043e\u043d\u043d\u044b\u0445 \u043e\u0441\u043d\u043e\u0432\u0430\u043d\u0438\u0439. \u0421\u043f\u0430\u0441\u0438\u0431\u043e \u0437\u0430 \u0438\u043d\u0442\u0435\u0440\u0435\u0441 \u043a MEDEX \u2014 \u0432\u043c\u0435\u0441\u0442\u0435 \u043e\u0442\u043a\u0440\u044b\u0432\u0430\u0435\u043c \u043d\u043e\u0432\u044b\u0435 \u0432\u043e\u0437\u043c\u043e\u0436\u043d\u043e\u0441\u0442\u0438.<\/p>\n\n\n<div class='fluentform ff-default fluentform_wrapper_4 ffs_default_wrap'><form data-form_id=\"4\" id=\"fluentform_4\" class=\"frm-fluent-form fluent_form_4 ff-el-form-top ff_form_instance_4_1 ff-form-loading ffs_default\" data-form_instance=\"ff_form_instance_4_1\" method=\"POST\" ><fieldset  style=\"border: none!important;margin: 0!important;padding: 0!important;background-color: transparent!important;box-shadow: none!important;outline: none!important; min-inline-size: 100%;\">\n                    <legend class=\"ff_screen_reader_title\" style=\"display: block; margin: 0!important;padding: 0!important;height: 0!important;text-indent: -999999px;width: 0!important;overflow:hidden;\">\u0424\u043e\u0440\u043c\u0430 - \u041a\u043e\u043d\u0442\u0430\u043a\u0442\u044b<\/legend><input type='hidden' name='__fluent_form_embded_post_id' value='98' \/><input type=\"hidden\" id=\"_fluentform_4_fluentformnonce\" name=\"_fluentform_4_fluentformnonce\" value=\"41f4433bc6\" \/><input type=\"hidden\" name=\"_wp_http_referer\" value=\"\/es\/wp-json\/wp\/v2\/pages\/98\" \/><div data-type=\"name-element\" data-name=\"names\" class=\" ff-field_container ff-name-field-wrapper\" ><div class='ff-t-container'><div class='ff-t-cell '><div class='ff-el-group ff-el-form-top'><div class=\"ff-el-input--label asterisk-right\"><label for='ff_4_names_first_name_' id='label_ff_4_names_first_name_' >\u0418\u043c\u044f<\/label><\/div><div class='ff-el-input--content'><input type=\"text\" name=\"names[first_name]\" id=\"ff_4_names_first_name_\" class=\"ff-el-form-control\" placeholder=\"Enter Your First Name\" aria-invalid=\"false\" aria-required=false><\/div><\/div><\/div><div class='ff-t-cell '><div class='ff-el-group ff-el-form-top'><div class=\"ff-el-input--label asterisk-right\"><label for='ff_4_names_last_name_' id='label_ff_4_names_last_name_' >\u0424\u0430\u043c\u0438\u043b\u0438\u044f<\/label><\/div><div class='ff-el-input--content'><input type=\"text\" name=\"names[last_name]\" id=\"ff_4_names_last_name_\" class=\"ff-el-form-control\" placeholder=\"Enter Your Last Name\" aria-invalid=\"false\" aria-required=false><\/div><\/div><\/div><\/div><\/div><div class='ff-el-group'><div class=\"ff-el-input--label ff-el-is-required asterisk-right\"><label for='ff_4_email' id='label_ff_4_email' aria-label=\"Email\">Email<\/label><\/div><div class='ff-el-input--content'><input type=\"email\" name=\"email\" id=\"ff_4_email\" class=\"ff-el-form-control\" placeholder=\"Email Address\" data-name=\"email\"  aria-invalid=\"false\" aria-required=true><\/div><\/div><div class='ff-el-group'><div class=\"ff-el-input--label ff-el-is-required asterisk-right\"><label for='ff_4_dropdown' id='label_ff_4_dropdown' aria-label=\"\u0412\u044b\u043f\u0430\u0434\u0430\u044e\u0449\u0438\u0439 \u0441\u043f\u0438\u0441\u043e\u043a\">\u0412\u044b\u043f\u0430\u0434\u0430\u044e\u0449\u0438\u0439 \u0441\u043f\u0438\u0441\u043e\u043a<\/label><\/div><div class='ff-el-input--content'><select name=\"dropdown\" id=\"ff_4_dropdown\" class=\"ff-el-form-control\" data-name=\"dropdown\" data-calc_value=\"0\"  aria-invalid=\"false\" aria-required=\"true\" aria-labelledby=\"label_ff_4_dropdown\"><option value=\"\">- Select -<\/option><option value=\"Partnership \"  >Partnership<\/option><option value=\"Media \/ Press\"  >Media \/ Press<\/option><option value=\"Legal \/ Privacy \"  >Legal \/ Privacy<\/option><option value=\"Website feedback \"  >Website feedback<\/option><option value=\"Education \/ Courses\"  >Education \/ Courses<\/option><option value=\"Whitepaper \/ Token\"  >Whitepaper \/ Token<\/option><option value=\"Team \/ Careers\"  >Team \/ Careers<\/option><option value=\"Other\"  >Other<\/option><\/select><\/div><\/div><div class='ff-el-group'><div class=\"ff-el-input--label ff-el-is-required asterisk-right\"><label for='ff_4_description' id='label_ff_4_description' aria-label=\"\u0422\u0435\u043a\u0441\u0442\u043e\u0432\u043e\u0435 \u043f\u043e\u043b\u0435\">\u0422\u0435\u043a\u0441\u0442\u043e\u0432\u043e\u0435 \u043f\u043e\u043b\u0435<\/label><\/div><div class='ff-el-input--content'><textarea aria-required=\"true\" aria-labelledby=\"label_ff_4_description\" name=\"description\" id=\"ff_4_description\" class=\"ff-el-form-control\" placeholder=\"\u0415\u0441\u0442\u044c \u0432\u043e\u043f\u0440\u043e\u0441 \u0438\u043b\u0438 \u043f\u0440\u0435\u0434\u043b\u043e\u0436\u0435\u043d\u0438\u0435? \u041d\u0430\u043f\u0438\u0448\u0438\u0442\u0435 \u043d\u0430\u043c - \u043c\u044b \u0432\u0435\u0440\u043d\u0435\u043c\u0441\u044f \u0441 \u043e\u0442\u0432\u0435\u0442\u043e\u043c \u0432 \u0442\u0435\u0447\u0435\u043d\u0438\u0438 24-48 \u0447\u0430\u0441\u043e\u0432.\" rows=\"11\" cols=\"2\" data-name=\"description\" ><\/textarea><\/div><\/div><div class='ff-el-group    ff-el-input--content'><div class='ff-el-form-check ff-el-tc'><label aria-label='T\u00e9rminos y condiciones: I have read and agree to the Terms and Conditions and Privacy Policy Contiene 2 enlaces. Usa la navegaci\u00f3n por pesta\u00f1as para rese\u00f1ar.' class='ff-el-form-check-label ff_tc_label' for=terms-n-condition_a03d417e003183e8e848cfe5dd741d83><span class='ff_tc_checkbox'><input type=\"checkbox\" name=\"terms-n-condition\" class=\"ff-el-form-check-input\" data-name=\"terms-n-condition\" id=\"terms-n-condition_a03d417e003183e8e848cfe5dd741d83\"  value='on' aria-invalid='false' aria-required=false><\/span> <div class='ff_t_c'><p>I have read and agree to the <a href=\"https:\/\/medex.uno\/terms\/\" target=\"_blank\" rel=\"noopener\">Terms and Conditions<\/a> and <a href=\"https:\/\/medex.uno\/privacy-statement-eu\/\" target=\"_blank\" rel=\"noopener\">Privacy Policy<\/a><\/p><\/div><\/label><\/div><\/div><div class='ff-el-group ff-text-left ff_submit_btn_wrapper'><button type=\"submit\" class=\"ff-btn ff-btn-submit ff-btn-md ff_btn_style\"  aria-label=\"\u041e\u0442\u043f\u0440\u0430\u0432\u0438\u0442\u044c\">\u041e\u0442\u043f\u0440\u0430\u0432\u0438\u0442\u044c<\/button><\/div><\/fieldset><\/form><div id='fluentform_4_errors' class='ff-errors-in-stack ff_form_instance_4_1 ff-form-loading_errors ff_form_instance_4_1_errors'><\/div><\/div>            <script type=\"text\/javascript\">\n                window.fluent_form_ff_form_instance_4_1 = {\"id\":\"4\",\"ajaxUrl\":\"https:\\\/\\\/medex.uno\\\/wp-admin\\\/admin-ajax.php\",\"settings\":{\"layout\":{\"labelPlacement\":\"top\",\"asteriskPlacement\":\"asterisk-right\",\"helpMessagePlacement\":\"with_label\",\"errorMessagePlacement\":\"inline\",\"cssClassName\":\"\"},\"restrictions\":{\"denyEmptySubmission\":{\"enabled\":false}}},\"form_instance\":\"ff_form_instance_4_1\",\"form_id_selector\":\"fluentform_4\",\"rules\":{\"names[first_name]\":{\"required\":{\"value\":false,\"message\":\"Este campo es obligatorio\",\"global_message\":\"\\u041e\\u0431\\u044f\\u0437\\u0430\\u0442\\u0435\\u043b\\u044c\\u043d\\u043e\\u0435 \\u043f\\u043e\\u043b\\u0435\",\"global\":true}},\"names[middle_name]\":{\"required\":{\"value\":false,\"message\":\"Este campo es obligatorio\",\"global_message\":\"\\u041e\\u0431\\u044f\\u0437\\u0430\\u0442\\u0435\\u043b\\u044c\\u043d\\u043e\\u0435 \\u043f\\u043e\\u043b\\u0435\",\"global\":true}},\"names[last_name]\":{\"required\":{\"value\":false,\"message\":\"Este campo es obligatorio\",\"global_message\":\"\\u041e\\u0431\\u044f\\u0437\\u0430\\u0442\\u0435\\u043b\\u044c\\u043d\\u043e\\u0435 \\u043f\\u043e\\u043b\\u0435\",\"global\":true}},\"email\":{\"required\":{\"value\":true,\"message\":\"Este campo es obligatorio\",\"global_message\":\"\\u041e\\u0431\\u044f\\u0437\\u0430\\u0442\\u0435\\u043b\\u044c\\u043d\\u043e\\u0435 \\u043f\\u043e\\u043b\\u0435\",\"global\":true},\"email\":{\"value\":true,\"message\":\"Este campo debe contener un correo electr\\u00f3nico v\\u00e1lido\",\"global_message\":\"\\u042d\\u0442\\u043e \\u043f\\u043e\\u043b\\u0435 \\u0434\\u043e\\u043b\\u0436\\u043d\\u043e \\u0441\\u043e\\u0434\\u0435\\u0440\\u0436\\u0430\\u0442\\u044c \\u0434\\u0435\\u0439\\u0441\\u0442\\u0432\\u0438\\u0442\\u0435\\u043b\\u044c\\u043d\\u044b\\u0439 \\u0430\\u0434\\u0440\\u0435\\u0441 \\u044d\\u043b\\u0435\\u043a\\u0442\\u0440\\u043e\\u043d\\u043d\\u043e\\u0439 \\u043f\\u043e\\u0447\\u0442\\u044b\",\"global\":true}},\"dropdown\":{\"required\":{\"value\":true,\"message\":\"Este campo es obligatorio\",\"global_message\":\"\\u041e\\u0431\\u044f\\u0437\\u0430\\u0442\\u0435\\u043b\\u044c\\u043d\\u043e\\u0435 \\u043f\\u043e\\u043b\\u0435\",\"global\":true}},\"description\":{\"required\":{\"value\":true,\"message\":\"Este campo es obligatorio\",\"global_message\":\"\\u041e\\u0431\\u044f\\u0437\\u0430\\u0442\\u0435\\u043b\\u044c\\u043d\\u043e\\u0435 \\u043f\\u043e\\u043b\\u0435\",\"global\":true}},\"terms-n-condition\":{\"required\":{\"value\":false,\"message\":\"Este campo es obligatorio\",\"global_message\":\"\\u041e\\u0431\\u044f\\u0437\\u0430\\u0442\\u0435\\u043b\\u044c\\u043d\\u043e\\u0435 \\u043f\\u043e\\u043b\\u0435\",\"global\":true}}},\"debounce_time\":300};\n                            <\/script>\n            \n\n\n\n<p><\/p>\n","protected":false},"excerpt":{"rendered":"<p>\u0415\u0441\u0442\u044c \u0438\u0434\u0435\u044f, \u0432\u043e\u043f\u0440\u043e\u0441 \u0438\u043b\u0438 \u043f\u0440\u0435\u0434\u043b\u043e\u0436\u0435\u043d\u0438\u0435? \u0421\u0432\u044f\u0436\u0438\u0442\u0435\u0441\u044c \u0441 \u043a\u043e\u043c\u0430\u043d\u0434\u043e\u0439 MEDEX \u2014 \u043c\u044b \u0432\u043d\u0438\u043c\u0430\u0442\u0435\u043b\u044c\u043d\u043e \u043e\u0442\u043d\u043e\u0441\u0438\u043c\u0441\u044f \u043a \u043a\u0430\u0436\u0434\u043e\u043c\u0443 \u0441\u043e\u043e\u0431\u0449\u0435\u043d\u0438\u044e \u0438 \u043d\u0430\u043f\u0440\u0430\u0432\u043b\u044f\u0435\u043c \u0435\u0433\u043e \u043d\u0443\u0436\u043d\u043e\u043c\u0443 \u0441\u043f\u0435\u0446\u0438\u0430\u043b\u0438\u0441\u0442\u0443. \u0427\u0442\u043e\u0431\u044b \u0443\u0441\u043a\u043e\u0440\u0438\u0442\u044c \u043e\u0442\u0432\u0435\u0442, \u043a\u0440\u0430\u0442\u043a\u043e \u043e\u043f\u0438\u0448\u0438\u0442\u0435 \u0441\u0443\u0442\u044c \u0432\u043e\u043f\u0440\u043e\u0441\u0430 \u0438, \u043f\u0440\u0438 \u043d\u0435\u043e\u0431\u0445\u043e\u0434\u0438\u043c\u043e\u0441\u0442\u0438, \u0434\u043e\u0431\u0430\u0432\u044c\u0442\u0435 \u0441\u0441\u044b\u043b\u043a\u0438 \u043d\u0430 \u043c\u0430\u0442\u0435\u0440\u0438\u0430\u043b\u044b. \u041c\u044b \u043e\u0431\u044b\u0447\u043d\u043e \u043e\u0442\u0432\u0435\u0447\u0430\u0435\u043c \u0432 \u0442\u0435\u0447\u0435\u043d\u0438\u0435 24\u201348 \u0447\u0430\u0441\u043e\u0432 \u0432 \u0440\u0430\u0431\u043e\u0447\u0438\u0435 \u0434\u043d\u0438; \u043d\u0430 \u0432\u044b\u0445\u043e\u0434\u043d\u044b\u0445 \u0438 \u043f\u0440\u0438 \u0441\u043b\u043e\u0436\u043d\u044b\u0445 \u0437\u0430\u043f\u0440\u043e\u0441\u0430\u0445 \u0441\u0440\u043e\u043a \u043c\u043e\u0436\u0435\u0442 \u0431\u044b\u0442\u044c \u0434\u043e\u043b\u044c\u0448\u0435. [&hellip;]<\/p>\n","protected":false},"author":1,"featured_media":0,"parent":0,"menu_order":0,"comment_status":"closed","ping_status":"closed","template":"","meta":{"_uag_custom_page_level_css":"","site-sidebar-layout":"default","site-content-layout":"","ast-site-content-layout":"default","site-content-style":"default","site-sidebar-style":"default","ast-global-header-display":"","ast-banner-title-visibility":"","ast-main-header-display":"","ast-hfb-above-header-display":"","ast-hfb-below-header-display":"","ast-hfb-mobile-header-display":"","site-post-title":"","ast-breadcrumbs-content":"","ast-featured-img":"","footer-sml-layout":"","ast-disable-related-posts":"","theme-transparent-header-meta":"","adv-header-id-meta":"","stick-header-meta":"","header-above-stick-meta":"","header-main-stick-meta":"","header-below-stick-meta":"","astra-migrate-meta-layouts":"default","ast-page-background-enabled":"default","ast-page-background-meta":{"desktop":{"background-color":"var(--ast-global-color-5)","background-image":"","background-repeat":"repeat","background-position":"center center","background-size":"auto","background-attachment":"scroll","background-type":"","background-media":"","overlay-type":"","overlay-color":"","overlay-opacity":"","overlay-gradient":""},"tablet":{"background-color":"","background-image":"","background-repeat":"repeat","background-position":"center center","background-size":"auto","background-attachment":"scroll","background-type":"","background-media":"","overlay-type":"","overlay-color":"","overlay-opacity":"","overlay-gradient":""},"mobile":{"background-color":"","background-image":"","background-repeat":"repeat","background-position":"center center","background-size":"auto","background-attachment":"scroll","background-type":"","background-media":"","overlay-type":"","overlay-color":"","overlay-opacity":"","overlay-gradient":""}},"ast-content-background-meta":{"desktop":{"background-color":"var(--ast-global-color-4)","background-image":"","background-repeat":"repeat","background-position":"center center","background-size":"auto","background-attachment":"scroll","background-type":"","background-media":"","overlay-type":"","overlay-color":"","overlay-opacity":"","overlay-gradient":""},"tablet":{"background-color":"var(--ast-global-color-4)","background-image":"","background-repeat":"repeat","background-position":"center center","background-size":"auto","background-attachment":"scroll","background-type":"","background-media":"","overlay-type":"","overlay-color":"","overlay-opacity":"","overlay-gradient":""},"mobile":{"background-color":"var(--ast-global-color-4)","background-image":"","background-repeat":"repeat","background-position":"center center","background-size":"auto","background-attachment":"scroll","background-type":"","background-media":"","overlay-type":"","overlay-color":"","overlay-opacity":"","overlay-gradient":""}},"footnotes":""},"class_list":["post-98","page","type-page","status-publish","hentry"],"uagb_featured_image_src":{"full":false,"thumbnail":false,"medium":false,"medium_large":false,"large":false,"1536x1536":false,"2048x2048":false,"trp-custom-language-flag":false},"uagb_author_info":{"display_name":"medex.","author_link":"https:\/\/medex.uno\/es\/author\/medex-uno\/"},"uagb_comment_info":0,"uagb_excerpt":"\u0415\u0441\u0442\u044c \u0438\u0434\u0435\u044f, \u0432\u043e\u043f\u0440\u043e\u0441 \u0438\u043b\u0438 \u043f\u0440\u0435\u0434\u043b\u043e\u0436\u0435\u043d\u0438\u0435? \u0421\u0432\u044f\u0436\u0438\u0442\u0435\u0441\u044c \u0441 \u043a\u043e\u043c\u0430\u043d\u0434\u043e\u0439 MEDEX \u2014 \u043c\u044b \u0432\u043d\u0438\u043c\u0430\u0442\u0435\u043b\u044c\u043d\u043e \u043e\u0442\u043d\u043e\u0441\u0438\u043c\u0441\u044f \u043a \u043a\u0430\u0436\u0434\u043e\u043c\u0443 \u0441\u043e\u043e\u0431\u0449\u0435\u043d\u0438\u044e \u0438 \u043d\u0430\u043f\u0440\u0430\u0432\u043b\u044f\u0435\u043c \u0435\u0433\u043e \u043d\u0443\u0436\u043d\u043e\u043c\u0443 \u0441\u043f\u0435\u0446\u0438\u0430\u043b\u0438\u0441\u0442\u0443. \u0427\u0442\u043e\u0431\u044b \u0443\u0441\u043a\u043e\u0440\u0438\u0442\u044c \u043e\u0442\u0432\u0435\u0442, \u043a\u0440\u0430\u0442\u043a\u043e \u043e\u043f\u0438\u0448\u0438\u0442\u0435 \u0441\u0443\u0442\u044c \u0432\u043e\u043f\u0440\u043e\u0441\u0430 \u0438, \u043f\u0440\u0438 \u043d\u0435\u043e\u0431\u0445\u043e\u0434\u0438\u043c\u043e\u0441\u0442\u0438, \u0434\u043e\u0431\u0430\u0432\u044c\u0442\u0435 \u0441\u0441\u044b\u043b\u043a\u0438 \u043d\u0430 \u043c\u0430\u0442\u0435\u0440\u0438\u0430\u043b\u044b. \u041c\u044b \u043e\u0431\u044b\u0447\u043d\u043e \u043e\u0442\u0432\u0435\u0447\u0430\u0435\u043c \u0432 \u0442\u0435\u0447\u0435\u043d\u0438\u0435 24\u201348 \u0447\u0430\u0441\u043e\u0432 \u0432 \u0440\u0430\u0431\u043e\u0447\u0438\u0435 \u0434\u043d\u0438; \u043d\u0430 \u0432\u044b\u0445\u043e\u0434\u043d\u044b\u0445 \u0438 \u043f\u0440\u0438 \u0441\u043b\u043e\u0436\u043d\u044b\u0445 \u0437\u0430\u043f\u0440\u043e\u0441\u0430\u0445 \u0441\u0440\u043e\u043a \u043c\u043e\u0436\u0435\u0442 \u0431\u044b\u0442\u044c \u0434\u043e\u043b\u044c\u0448\u0435.&hellip;","_links":{"self":[{"href":"https:\/\/medex.uno\/es\/wp-json\/wp\/v2\/pages\/98","targetHints":{"allow":["GET"]}}],"collection":[{"href":"https:\/\/medex.uno\/es\/wp-json\/wp\/v2\/pages"}],"about":[{"href":"https:\/\/medex.uno\/es\/wp-json\/wp\/v2\/types\/page"}],"author":[{"embeddable":true,"href":"https:\/\/medex.uno\/es\/wp-json\/wp\/v2\/users\/1"}],"replies":[{"embeddable":true,"href":"https:\/\/medex.uno\/es\/wp-json\/wp\/v2\/comments?post=98"}],"version-history":[{"count":3,"href":"https:\/\/medex.uno\/es\/wp-json\/wp\/v2\/pages\/98\/revisions"}],"predecessor-version":[{"id":744,"href":"https:\/\/medex.uno\/es\/wp-json\/wp\/v2\/pages\/98\/revisions\/744"}],"wp:attachment":[{"href":"https:\/\/medex.uno\/es\/wp-json\/wp\/v2\/media?parent=98"}],"curies":[{"name":"wp","href":"https:\/\/api.w.org\/{rel}","templated":true}]}}